{"id":42428,"date":"2024-02-15T18:00:46","date_gmt":"2024-02-15T17:00:46","guid":{"rendered":"https:\/\/www.thegreenlist.nl\/?page_id=42428"},"modified":"2024-05-13T14:44:08","modified_gmt":"2024-05-13T12:44:08","slug":"faq-thegreenlist-de","status":"publish","type":"page","link":"https:\/\/www.thegreenlist.nl\/de\/faq-thegreenlist-nl\/","title":{"rendered":"FAQ thegreenlist.nl"},"content":{"rendered":"<div data-elementor-type=\"wp-page\" data-elementor-id=\"42428\" class=\"elementor elementor-42428\" data-elementor-post-type=\"page\">\n\t\t\t\t\t\t<section data-particle_enable=\"false\" data-particle-mobile-disabled=\"false\" class=\"elementor-section elementor-top-section elementor-element elementor-element-4547e49e elementor-section-boxed elementor-section-height-default elementor-section-height-default\" data-id=\"4547e49e\" data-element_type=\"section\" data-e-type=\"section\">\n\t\t\t\t\t\t<div class=\"elementor-container elementor-column-gap-default\">\n\t\t\t\t\t<div class=\"elementor-column elementor-col-100 elementor-top-column elementor-element elementor-element-7f00d0b7\" data-id=\"7f00d0b7\" data-element_type=\"column\" data-e-type=\"column\">\n\t\t\t<div class=\"elementor-widget-wrap elementor-element-populated\">\n\t\t\t\t\t\t<div class=\"elementor-element elementor-element-5d1de311 elementor-widget elementor-widget-text-editor\" data-id=\"5d1de311\" data-element_type=\"widget\" data-e-type=\"widget\" data-widget_type=\"text-editor.default\">\n\t\t\t\t<div class=\"elementor-widget-container\">\n\t\t\t\t\t\t\t\t\t<h1>FAQ thegreenlist.nl: die Plattform f\u00fcr einen gr\u00fcneren Lebensstil<\/h1><p><strong>In den sozialen Medien und per E-Mail erhalten wir manchmal Fragen \u00fcber <em>thegreenlist.nl<\/em>. Auf dieser Seite haben wir unser Bestes getan, um alle Fragen zu beantworten. Wenn Ihre Frage auf dieser Seite nicht beantwortet wird, k\u00f6nnen Sie sich gerne per E-Mail an uns wenden. Die Kontaktschaltfl\u00e4chen finden Sie unten auf dieser Seite.<\/strong><\/p><h2>Wer ist thegreenlist.nl?<\/h2><p><em>Thegreenlist.nl<\/em> ist das Magazin f\u00fcr einen gr\u00fcneren Lebensstil. Mit einem Schwerpunkt auf gr\u00fcn<strong><em>er<\/em><\/strong>, weil wir alle zum Mitmachen bewegen wollen. Wir wollen zeigen, dass ein nachhaltigeres Leben sowohl wichtig ist als auch Spa\u00df macht, dass man trotzdem genauso viele Abenteuer erleben und das Leben genie\u00dfen kann. Wir sind gegen Schuldzuweisungen und die Mentalit\u00e4t, dass man es nicht gut genug machen kann.<\/p><h2>F\u00fcr wen ist thegreenlist.nl gedacht?<\/h2><p><em>Thegreenlist.nl<\/em> ist f\u00fcr alle da: dunkelgr\u00fcn, hellgr\u00fcn und ganz und gar nicht gr\u00fcn. Aber wir richten uns vor allem an Frauen zwischen 25 und 65 Jahren, die sich f\u00fcr einen nachhaltigeren, bewussteren und unterhaltsameren Lebensstil interessieren oder die ihre M\u00f6glichkeiten ausloten wollen.<\/p><h2>Wer steckt hinter thegreenlist.nl?<\/h2><p><em>Thegreenlist.nl<\/em> wurde von Saskia Sampimon-Versneij gegr\u00fcndet. Saskia ist ausgebildete Journalistin und arbeitet seit 2006 als Journalistin und Inhaltserstellerin in den Medien. Im Jahr 2019 machte sie die schockierende Entdeckung, dass, wenn alle so leben w\u00fcrden wie sie, ein durchschnittlicher Niederl\u00e4nder, vier Erden pro Jahr ben\u00f6tigen w\u00fcrde. Vier Erden? Und wir haben nur eine! Daraufhin beschloss sie, zu erforschen, wie man nachhaltiger leben kann. Aus dieser intrinsischen Motivation heraus wurde <em>thegreenlist.nl<\/em> geboren. Und das traf den Nerv eines breiten Publikums.<\/p><p>Inzwischen hat sich <em>thegreenlist.nl<\/em> zu einem aufstrebenden, umweltfreundlichen Medienunternehmen entwickelt, in dem ein motiviertes Team jeden Tag arbeitet. <a href=\"https:\/\/www.thegreenlist.nl\/de\/unser-team\/\">Treffen Sie das Team!<\/a><\/p><h2>Wo kann man thegreenlist.nl noch finden?<\/h2><p>Wir entdecken st\u00e4ndig neue Wege, um unser Zielpublikum zu inspirieren. Im Moment finden Sie uns hier:<\/p><ul><li><a href=\"https:\/\/www.thegreenlist.nl\/de\/\">Website<\/a><\/li><li><a href=\"https:\/\/www.instagram.com\/thegreenlist.nl\/\" target=\"_blank\" rel=\"noopener\">Instagram<\/a><\/li><li><a href=\"https:\/\/www.thegreenlist.nl\/de\/newsletter\/\">Newsletter<\/a><\/li><li><a href=\"https:\/\/nl.pinterest.com\/thegreenlistnl\/\" target=\"_blank\" rel=\"noopener\">Pinterest<\/a><\/li><li><a href=\"https:\/\/www.tiktok.com\/@thegreenlist.nl\" target=\"_blank\" rel=\"noopener\">Tiktok<\/a><\/li><li><a href=\"https:\/\/www.thegreenlist.nl\/winkel\/\">(e)B\u00fccher<\/a><\/li><li><a href=\"https:\/\/www.thegreenlist.nl\/de\/kooperationen\/\">Live-Gespr\u00e4che<\/a><\/li><li><a href=\"https:\/\/www.linkedin.com\/in\/saskiaversneij\/\" target=\"_blank\" rel=\"noopener\">LinkedIn<\/a><\/li><\/ul><p><br \/>Sind Sie ein Verleger, eine Marke oder ein Fernsehsender mit einer guten Idee? Lassen Sie uns einen Kaffee trinken!<\/p><h2>Welche Farbe hat das Gr\u00fcn thegreenlist.nl?<\/h2><p>Wir m\u00f6gen es nicht besonders, in eine Schublade gesteckt zu werden, aber in Zukunft... <em>Thegreenlist.nl <\/em>ist in allen Gr\u00fcnt\u00f6nen gehalten. Wir geben lustige Basteltipps mit Abfall, einfache Veggie-Rezepte, praktische Tipps f\u00fcr Secondhand-L\u00e4den und empfehlen tolle Ausfl\u00fcge. Aber wir gehen auch gerne der Sache auf den Grund, um herauszufinden, wie schlimm etwas wirklich ist. Palm\u00f6l, Ihre Grundierung, Baumwolle, Kobalt, Glimmer, <em>alles, was Sie wollen...<\/em> Das Team besteht aus neugierigen Journalisten und nachhaltigen Machern und wir freuen uns, f\u00fcr Sie alles dar\u00fcber herauszufinden.<\/p><h2>Wie treffen Sie Ihre redaktionellen Entscheidungen?<\/h2><p>Wir verstehen, dass Nachhaltigkeit ein komplexes Konzept ist und viele Dinge umfasst, wie Klimawandel, Umweltverschmutzung, \u00dcberkonsum, Ressourcenknappheit, Tierleid und Ungleichheit. Wir erkl\u00e4ren so gut wir k\u00f6nnen, in welchen Bereichen und wie Dinge eine nachhaltigere Wahl sind. Unserer Meinung nach k\u00f6nnen Dinge bereits dann eine gute Idee sein, wenn sie eines oder einige der gro\u00dfen Probleme angehen.<span class=\"OYPEnA text-decoration-none text-strikethrough-none\"> Nicht jeder wird mit uns einverstanden sein, aber nicht jede Idee muss perfekt gr\u00fcn sein. <\/span>Wir werden immer gut erkl\u00e4ren, wie und inwieweit etwas nachhaltig ist oder nicht, sodass unsere Leser selbst beurteilen k\u00f6nnen, ob es etwas f\u00fcr sie ist.<\/p><h2>Thegreenlist.nl ist ein Medienunternehmen. Wie verdient es Geld?<\/h2><p>Ja, der Schornstein muss rauchen. Oder besser gesagt, wir erzeugen Energie mit Sonnenkollektoren oder Windr\u00e4dern. Aber Sie wissen ja, was wir meinen... All die Recherchen sind arbeitsintensiv, all die gro\u00dfartigen Inhalte brauchen Zeit, um erstellt zu werden, und eine Website bleibt auch nicht einfach in der Luft h\u00e4ngen. Kurz gesagt, ohne Einnahmen gibt es auch keine gr\u00fcnere Inspiration. Wir beziehen unsere Einnahmen aus der Zusammenarbeit mit Unternehmen, der Ver\u00f6ffentlichung unserer eigenen Medien wie E-Books, Vortr\u00e4gen und \u00fcber Affiliate-Links*, die Sie manchmal in Artikeln finden.<\/p><p>*Das sind Links zu Webshops. Das bedeutet, dass <em>thegreenlist.nl<\/em> eine kleine Provision erh\u00e4lt, wenn Sie \u00fcber diesen Link etwas kaufen, normalerweise zwischen 3% und 10%. Eine Win-Win-Situation: Sie erhalten einen direkten Link zu sch\u00f6nen, nachhaltigen Produkten und unterst\u00fctzen mit Ihrem Kauf unsere Forschung - die wir am liebsten noch sehr lange fortsetzen m\u00f6chten. Wir verlinken nur zu Produkten und Seiten, die wir unterst\u00fctzen oder von denen wir begeistert sind.<\/p><h2>Wie wird festgestellt, ob die Unternehmen, mit denen Sie zusammenarbeiten, nachhaltig (genug) sind?<\/h2><p>Gute Frage! Wir arbeiten nur mit Unternehmen zusammen, bei denen die Nachhaltigkeit im Mittelpunkt ihrer T\u00e4tigkeit steht. Sie sind ein nachhaltiges Unternehmen, wenn Sie in allen Bereichen daran arbeiten, die Dinge nachhaltiger und besser zu machen. Sie konzentrieren sich voll und ganz darauf, Sie k\u00f6nnen nachweisen, wie Sie die Dinge nachhaltiger machen, und Sie k\u00f6nnen auch ehrlich und transparent sein, was die Aspekte angeht, die noch nicht perfekt nachhaltig sind - denn so etwas wie perfekte Nachhaltigkeit gibt es nicht. F\u00fcr uns geht nachhaltiges Wirtschaften also \u00fcber scheinbar nachhaltige Verpackungen oder die Kompensation Ihrer Aktivit\u00e4ten hinaus. Wir arbeiten auch mit gro\u00dfen Unternehmen zusammen, die nachhaltige Initiativen entwickeln. Wir m\u00f6chten diese Initiativen hervorheben, weil wir glauben, dass wir gerade die gro\u00dfen Jungs f\u00fcr einen Systemwandel brauchen. Wir schlie\u00dfen diese Projekte also nicht aus, sondern begr\u00fc\u00dfen sie. Es gibt auch regelm\u00e4\u00dfig Wohlt\u00e4tigkeitsorganisationen, die <em>teamen<\/em> mit <em>thegreenlist.nl<\/em>. Ja, diese \u00dcbereinstimmung ist offensichtlich. Wir denken das auch.<\/p><h2>Bei Kooperationen geht es oft auch um Produktwerbung und Verkauf. Wie sehen Sie das?<\/h2><p>Unsere Aufgabe ist es, den Menschen so viele Ideen wie m\u00f6glich f\u00fcr ein nachhaltigeres Leben zu geben, und dazu geh\u00f6rt auch, dass wir zeigen, dass es immer mehr coole und bessere Alternativen gibt. Schlie\u00dflich stimmen Sie auch mit Ihrem Geldbeutel ab. Andererseits halten wir es auch f\u00fcr wichtig, dem Konsumverhalten gen\u00fcgend Aufmerksamkeit zu schenken. Wir geben auch viele Tipps, wie man einsparen, wiederverwenden und Second-Hand-Kram kaufen kann. Letztendlich geht es um Ausgewogenheit, und die k\u00f6nnen nur Sie selbst bestimmen. Wir k\u00f6nnen jedoch dabei helfen, bessere Entscheidungen zu treffen und Tipps zu geben, wie man dieses Gleichgewicht erreichen kann.<\/p><h2>Wie gehen Sie mit Goodies um, die Sie (un)erbeten von Unternehmen und PR-Agenturen erhalten?<\/h2><p class=\"translation-block\">Das finden wir auch eine schwierige Frage. Saskia hat einmal <a href=\"https:\/\/www.instagram.com\/reel\/CmvqGa6gvBB\/\" target=\"_blank\" rel=\"noopener\">als Statement eine coole Jacke aus allen Stofftaschen<\/a> machen lassen, die sie unaufgefordert erhalten hatte. So bekamen all diese Taschen wenigstens noch eine gute Bestimmung\u2026 Wenn PR-Agenturen uns ansprechen und fragen, ob sie etwas zuschicken k\u00f6nnen, fragen wir nach, was genau im Paket ist. Gegebenenfalls nehmen wir gebrandete Goodies wie T-Shirts, M\u00fctzen, Taschen, Tassen heraus. Gegen gebrandete Socken sagen wir \u00fcbrigens nie Nein\u2026 Au\u00dferdem gehen wir folgenderma\u00dfen vor: Alles, was wir von Unternehmen oder PR-Agenturen erhalten, ob angefordert oder unaufgefordert, bekommt immer eine n\u00fctzliche Bestimmung. Wir verwenden es selbst, essen es, verschenken es oder spenden es an ein wohlt\u00e4tiges Ziel. Manchmal machen wir mit Unternehmen Absprachen und k\u00f6nnen Dinge f\u00fcr Kampagnen ausleihen und zur\u00fcckschicken. Das tun wir jedoch nur, wenn die Unternehmen versprechen, die Dinge nicht wegzuwerfen. (Leider passiert das oft bei Produkten, die zur\u00fcckgeschickt werden, weil es zu viel Aufwand ist, sie wieder f\u00fcr den Verkauf vorzubereiten).<\/p><h2>Ich m\u00f6chte mit thegreenlist.nl zusammenarbeiten. Ist das m\u00f6glich?<\/h2><p>Super sch\u00f6n, einen gr\u00fcnen Funken zu sehen! Bitte senden Sie <a href=\"\/de\/saskia@thegreenlist.nl\/\" target=\"_blank\" rel=\"noopener\">eine E-Mail<\/a> mit Ihrer Geschichte und wir werden Ihnen gerne ein ma\u00dfgeschneidertes Angebot machen, wenn der gr\u00fcne Klick beiderseitig ist.<\/p><p><em>Thegreenlist.nl<\/em> ist\u00a0<a href=\"https:\/\/influencerregels.com\/\" target=\"_blank\" rel=\"noopener\">ein zertifizierter Influencer<\/a>\u00a0und bei der Data and Marketing (Industry) Association (DDMA) registriert, die eng mit der Advertising Code Foundation und der Association of Advertisers zusammenarbeitet.\u00a0<\/p><h2>Ich w\u00fcrde gerne f\u00fcr thegreenlist.nl arbeiten!<\/h2><p>Haben Sie eine lustige Idee? Mailen Sie uns jederzeit!<\/p><h2>Wie k\u00f6nnen Sie mit thegreenlist.nl in Kontakt treten?<\/h2><p>Unten auf der Seite finden Sie alle Schaltfl\u00e4chen zum Folgen und Kontaktieren! Sie k\u00f6nnen Saskia direkt \u00fcber den E-Mail-Button kontaktieren.<\/p>\t\t\t\t\t\t\t\t<\/div>\n\t\t\t\t<\/div>\n\t\t\t\t\t<\/div>\n\t\t<\/div>\n\t\t\t\t\t<\/div>\n\t\t<\/section>\n\t\t\t\t<\/div>","protected":false},"excerpt":{"rendered":"<p>FAQ thegreenlist.nl: h\u00e9t groenere lifestyle platform Op social media en per mail krijgen we soms vragen over thegreenlist.nl. Op deze pagina hebben we ons best gedaan om alle vragen te beantwoorden. Wordt jouw vraag niet op deze pagina beantwoord, neem dan gerust contact op per e-mail. Je vindt de contactbuttons onderaan deze pagina. Wie is [&hellip;]<\/p>\n","protected":false},"author":2,"featured_media":0,"parent":0,"menu_order":0,"comment_status":"closed","ping_status":"closed","template":"elementor_header_footer","meta":{"wprm-recipe-roundup-name":"","wprm-recipe-roundup-description":"","footnotes":""},"class_list":["post-42428","page","type-page","status-publish","hentry"],"yoast_head":"<!-- This site is optimized with the Yoast SEO plugin v27.3 - https:\/\/yoast.com\/product\/yoast-seo-wordpress\/ -->\n<title>FAQ thegreenlist.nl - www.thegreenlist.nl<\/title>\n<meta name=\"robots\" content=\"noindex, nofollow\" \/>\n<meta property=\"og:locale\" content=\"de_DE\" \/>\n<meta property=\"og:type\" content=\"article\" \/>\n<meta property=\"og:title\" content=\"FAQ thegreenlist.nl - www.thegreenlist.nl\" \/>\n<meta property=\"og:description\" content=\"FAQ thegreenlist.nl: h\u00e9t groenere lifestyle platform Op social media en per mail krijgen we soms vragen over thegreenlist.nl. Op deze pagina hebben we ons best gedaan om alle vragen te beantwoorden. Wordt jouw vraag niet op deze pagina beantwoord, neem dan gerust contact op per e-mail. Je vindt de contactbuttons onderaan deze pagina. Wie is [&hellip;]\" \/>\n<meta property=\"og:url\" content=\"https:\/\/www.thegreenlist.nl\/de\/faq-thegreenlist-de\/\" \/>\n<meta property=\"og:site_name\" content=\"www.thegreenlist.nl\" \/>\n<meta property=\"article:modified_time\" content=\"2024-05-13T12:44:08+00:00\" \/>\n<meta name=\"twitter:card\" content=\"summary_large_image\" \/>\n<meta name=\"twitter:label1\" content=\"Gesch\u00e4tzte Lesezeit\" \/>\n\t<meta name=\"twitter:data1\" content=\"7\u00a0Minuten\" \/>\n<script type=\"application\/ld+json\" class=\"yoast-schema-graph\">{\"@context\":\"https:\\\/\\\/schema.org\",\"@graph\":[{\"@type\":\"WebPage\",\"@id\":\"https:\\\/\\\/www.thegreenlist.nl\\\/faq-thegreenlist-nl\\\/\",\"url\":\"https:\\\/\\\/www.thegreenlist.nl\\\/faq-thegreenlist-nl\\\/\",\"name\":\"FAQ thegreenlist.nl - www.thegreenlist.nl\",\"isPartOf\":{\"@id\":\"https:\\\/\\\/www.thegreenlist.nl\\\/en\\\/#website\"},\"datePublished\":\"2024-02-15T17:00:46+00:00\",\"dateModified\":\"2024-05-13T12:44:08+00:00\",\"breadcrumb\":{\"@id\":\"https:\\\/\\\/www.thegreenlist.nl\\\/faq-thegreenlist-nl\\\/#breadcrumb\"},\"inLanguage\":\"de\",\"potentialAction\":[{\"@type\":\"ReadAction\",\"target\":[\"https:\\\/\\\/www.thegreenlist.nl\\\/faq-thegreenlist-nl\\\/\"]}]},{\"@type\":\"BreadcrumbList\",\"@id\":\"https:\\\/\\\/www.thegreenlist.nl\\\/faq-thegreenlist-nl\\\/#breadcrumb\",\"itemListElement\":[{\"@type\":\"ListItem\",\"position\":1,\"name\":\"Home\",\"item\":\"https:\\\/\\\/www.thegreenlist.nl\\\/\"},{\"@type\":\"ListItem\",\"position\":2,\"name\":\"FAQ thegreenlist.nl\"}]},{\"@type\":\"WebSite\",\"@id\":\"https:\\\/\\\/www.thegreenlist.nl\\\/en\\\/#website\",\"url\":\"https:\\\/\\\/www.thegreenlist.nl\\\/en\\\/\",\"name\":\"www.thegreenlist.nl\",\"description\":\"Alles voor een groenere lifestyle\",\"publisher\":{\"@id\":\"https:\\\/\\\/www.thegreenlist.nl\\\/en\\\/#organization\"},\"potentialAction\":[{\"@type\":\"SearchAction\",\"target\":{\"@type\":\"EntryPoint\",\"urlTemplate\":\"https:\\\/\\\/www.thegreenlist.nl\\\/en\\\/?s={search_term_string}\"},\"query-input\":{\"@type\":\"PropertyValueSpecification\",\"valueRequired\":true,\"valueName\":\"search_term_string\"}}],\"inLanguage\":\"de\"},{\"@type\":\"Organization\",\"@id\":\"https:\\\/\\\/www.thegreenlist.nl\\\/en\\\/#organization\",\"name\":\"www.thegreenlist.nl\",\"url\":\"https:\\\/\\\/www.thegreenlist.nl\\\/en\\\/\",\"logo\":{\"@type\":\"ImageObject\",\"inLanguage\":\"de\",\"@id\":\"https:\\\/\\\/www.thegreenlist.nl\\\/en\\\/#\\\/schema\\\/logo\\\/image\\\/\",\"url\":\"https:\\\/\\\/afbeeldingen.thegreenlist.nl\\\/uploads\\\/2022\\\/01\\\/Middel-1-100.jpg\",\"contentUrl\":\"https:\\\/\\\/afbeeldingen.thegreenlist.nl\\\/uploads\\\/2022\\\/01\\\/Middel-1-100.jpg\",\"width\":342,\"height\":342,\"caption\":\"www.thegreenlist.nl\"},\"image\":{\"@id\":\"https:\\\/\\\/www.thegreenlist.nl\\\/en\\\/#\\\/schema\\\/logo\\\/image\\\/\"}}]}<\/script>\n<!-- \/ Yoast SEO plugin. -->","yoast_head_json":{"title":"H\u00e4ufig gestellte Fragen thegreenlist.nl - www.thegreenlist.nl","robots":{"index":"noindex","follow":"nofollow"},"og_locale":"de_DE","og_type":"article","og_title":"FAQ thegreenlist.nl - www.thegreenlist.nl","og_description":"FAQ thegreenlist.nl: h\u00e9t groenere lifestyle platform Op social media en per mail krijgen we soms vragen over thegreenlist.nl. Op deze pagina hebben we ons best gedaan om alle vragen te beantwoorden. Wordt jouw vraag niet op deze pagina beantwoord, neem dan gerust contact op per e-mail. Je vindt de contactbuttons onderaan deze pagina. Wie is [&hellip;]","og_url":"https:\/\/www.thegreenlist.nl\/de\/faq-thegreenlist-de\/","og_site_name":"www.thegreenlist.nl","article_modified_time":"2024-05-13T12:44:08+00:00","twitter_card":"summary_large_image","twitter_misc":{"Gesch\u00e4tzte Lesezeit":"7\u00a0Minuten"},"schema":{"@context":"https:\/\/schema.org","@graph":[{"@type":"WebPage","@id":"https:\/\/www.thegreenlist.nl\/faq-thegreenlist-nl\/","url":"https:\/\/www.thegreenlist.nl\/faq-thegreenlist-nl\/","name":"H\u00e4ufig gestellte Fragen thegreenlist.nl - www.thegreenlist.nl","isPartOf":{"@id":"https:\/\/www.thegreenlist.nl\/en\/#website"},"datePublished":"2024-02-15T17:00:46+00:00","dateModified":"2024-05-13T12:44:08+00:00","breadcrumb":{"@id":"https:\/\/www.thegreenlist.nl\/faq-thegreenlist-nl\/#breadcrumb"},"inLanguage":"de","potentialAction":[{"@type":"ReadAction","target":["https:\/\/www.thegreenlist.nl\/faq-thegreenlist-nl\/"]}]},{"@type":"BreadcrumbList","@id":"https:\/\/www.thegreenlist.nl\/faq-thegreenlist-nl\/#breadcrumb","itemListElement":[{"@type":"ListItem","position":1,"name":"Home","item":"https:\/\/www.thegreenlist.nl\/"},{"@type":"ListItem","position":2,"name":"FAQ thegreenlist.nl"}]},{"@type":"WebSite","@id":"https:\/\/www.thegreenlist.nl\/en\/#website","url":"https:\/\/www.thegreenlist.nl\/en\/","name":"www.thegreenlist.nl","description":"Alles f\u00fcr einen gr\u00fcneren Lebensstil","publisher":{"@id":"https:\/\/www.thegreenlist.nl\/en\/#organization"},"potentialAction":[{"@type":"SearchAction","target":{"@type":"EntryPoint","urlTemplate":"https:\/\/www.thegreenlist.nl\/en\/?s={search_term_string}"},"query-input":{"@type":"PropertyValueSpecification","valueRequired":true,"valueName":"search_term_string"}}],"inLanguage":"de"},{"@type":"Organization","@id":"https:\/\/www.thegreenlist.nl\/en\/#organization","name":"www.thegreenlist.nl","url":"https:\/\/www.thegreenlist.nl\/en\/","logo":{"@type":"ImageObject","inLanguage":"de","@id":"https:\/\/www.thegreenlist.nl\/en\/#\/schema\/logo\/image\/","url":"https:\/\/afbeeldingen.thegreenlist.nl\/uploads\/2022\/01\/Middel-1-100.jpg","contentUrl":"https:\/\/afbeeldingen.thegreenlist.nl\/uploads\/2022\/01\/Middel-1-100.jpg","width":342,"height":342,"caption":"www.thegreenlist.nl"},"image":{"@id":"https:\/\/www.thegreenlist.nl\/en\/#\/schema\/logo\/image\/"}}]}},"jetpack_sharing_enabled":true,"_links":{"self":[{"href":"https:\/\/www.thegreenlist.nl\/de\/wp-json\/wp\/v2\/pages\/42428","targetHints":{"allow":["GET"]}}],"collection":[{"href":"https:\/\/www.thegreenlist.nl\/de\/wp-json\/wp\/v2\/pages"}],"about":[{"href":"https:\/\/www.thegreenlist.nl\/de\/wp-json\/wp\/v2\/types\/page"}],"author":[{"embeddable":true,"href":"https:\/\/www.thegreenlist.nl\/de\/wp-json\/wp\/v2\/users\/2"}],"replies":[{"embeddable":true,"href":"https:\/\/www.thegreenlist.nl\/de\/wp-json\/wp\/v2\/comments?post=42428"}],"version-history":[{"count":0,"href":"https:\/\/www.thegreenlist.nl\/de\/wp-json\/wp\/v2\/pages\/42428\/revisions"}],"wp:attachment":[{"href":"https:\/\/www.thegreenlist.nl\/de\/wp-json\/wp\/v2\/media?parent=42428"}],"curies":[{"name":"wp","href":"https:\/\/api.w.org\/{rel}","templated":true}]}}