{"id":28987,"date":"2025-09-17T07:48:38","date_gmt":"2025-09-17T05:48:38","guid":{"rendered":"https:\/\/www.thegreenlist.nl\/?post_type=product&#038;p=28987"},"modified":"2026-04-05T07:30:15","modified_gmt":"2026-04-05T05:30:15","slug":"nichts-neues-nachhaltiger-lebensstil-buch","status":"publish","type":"product","link":"https:\/\/www.thegreenlist.nl\/de\/product\/niks-nieuws-duurzame-lifestyle-boek\/","title":{"rendered":"NIKS NIEUWS, doch es wird Sie \u00fcberraschen"},"content":{"rendered":"<p>Das Buch zum nachhaltigen Lebensstil, auf das die Welt gewartet hat!<\/p>\n<ul>\n<li>Ein Buch, das auf verst\u00e4ndliche Weise erkl\u00e4rt, was in der Welt vor sich geht.<\/li>\n<li>Ein Nachschlagewerk voller n\u00fctzlicher und origineller Tipps f\u00fcr den Einstieg in ein bewussteres Leben auf eine coole Art und Weise.<\/li>\n<li>Vollfarbiges Buch, 320 Seiten mit Leseb\u00e4ndchen.<\/li>\n<li>Enth\u00e4lt QR-Codes mit vielen weiteren Tipps und Anregungen!<\/li>\n<li>Wundersch\u00f6n gestaltet, denn nachhaltiger zu leben ist toll und definitiv keine Hausaufgabe.<\/li>\n<li>Kurzum, es ist gelungen: ein sch\u00f6nes Buch \u00fcber Nachhaltigkeit! Genau das, was Sie und die Welt brauchen.<\/li>\n<li>1% des Gewinns spende ich an die Wadden Association.<\/li>\n<\/ul>\n<p><strong><br \/>\nDas sagen andere<\/strong><br \/>\n\u2018Ein gro\u00dfartiger Leitfaden f\u00fcr ein nachhaltigeres Leben. Und macht auch noch Spa\u00df.\u2019 <strong>Irene Mohren<\/strong><\/p>\n<p>\u2018Dieses Buch hilft dabei, mit den gro\u00dfen Dingen zu beginnen. Gro\u00dfartig, denn diese haben die gr\u00f6\u00dfte Wirkung.\u2019 <strong>Babette Porcelijn, Autorin von The Hidden Impact, u.a.<\/strong><\/p>\n<p>\u2018Eine bessere Welt beginnt bei einem selbst. Und das zeigt Saskia mit diesem Buch auf wunderbare Weise.\u2019 <strong>Dennis Sturm<\/strong><\/p>\n<p>\u2018Saskia zeigt, dass ein umweltfreundlicherer Lebensstil nicht nur dringend notwendig ist, sondern auch viel Gl\u00fcck bringt.\u2019 <strong>Lodewijk Hoekstra, der gr\u00fcnste G\u00e4rtner der Niederlande<\/strong><\/p>\n<p>\u2018Niks Nieuws\u2019 ist inmitten all der komplexen Daten und beunruhigenden Nachrichten \u00fcber unser Klima eine willkommene Abwechslung: Es ist also m\u00f6glich, bewusster und einfacher zu leben, und zwar auf eine Weise, die Spa\u00df macht und machbar ist. Es ist gut, von Zeit zu Zeit daran erinnert zu werden.\u2019\u00a0<strong>Nick Schilder<\/strong><\/p>\n<p><strong>\u00dcber den Autor<\/strong><br \/>\nSaskia Sampimon-Versneij (1983) ist eine Expertin f\u00fcr nachhaltigen Lebensstil, Journalistin und Autorin von Inhalten. Als Gr\u00fcnderin von <em>thegreenlist.nl<\/em> bietet ihnen t\u00e4glich Anregungen f\u00fcr ein nachhaltigeres Leben. Und das trifft den Nerv der Zeit. <em>Thegreenlist.nl<\/em> hat sich seit seiner Gr\u00fcndung im Jahr 2020 zum Online-Magazin und zur gr\u00f6\u00dften Instagram-Community f\u00fcr Menschen entwickelt, die nachhaltiger und bewusster leben wollen. Der Erfolg f\u00fchrte zu Auftritten in den TV-Shows <em>Kaffeezeit<\/em> und <em>Eigenes Haus &amp; Garten: Geschmackvolles Wohnen<\/em>.<\/p>\n<p>Instagram: <a href=\"https:\/\/www.instagram.com\/thegreenlist.nl\/\" target=\"_blank\" rel=\"noopener\"><em>@thegreenlist.nl<\/em><\/a><br \/>\nWebsite: <a href=\"https:\/\/www.thegreenlist.nl\/de\/\"><em>thegreenlist.nl<\/em><\/a><\/p>","protected":false},"excerpt":{"rendered":"<p>NIKS NIEUWS ist das Buch zum nachhaltigen Lebensstil, auf das die Welt wartet. Entdecken Sie, dass ein nachhaltigeres Leben Spa\u00df macht und Sie genauso gut leben k\u00f6nnen.<\/p>\n<p>Es ist nichts Neues, dass es unserem Planeten nicht gut geht. Wir wissen schon seit Jahren, dass sich die Erde erw\u00e4rmt und verschmutzt, weil wir zu viel kaufen und konsumieren. Wir nehmen zu viel und geben zu wenig zur\u00fcck. Und die L\u00f6sung? Auch das ist nichts Neues! Wir haben bereits alles, wir wissen bereits alles. Es ist nur so, dass wir es irgendwie vergessen haben oder manchmal vergessen. Ich werde Ihnen zeigen, dass weniger Ihnen so viel mehr bringt. Dass die L\u00f6sungen zum Greifen nahe sind. Dass ein nachhaltigeres Leben Spa\u00df macht und sinnvoll ist und dass man trotzdem genauso viele Abenteuer erleben und das Leben genie\u00dfen kann. Was ich in diesem Buch erz\u00e4hle, ist alles nicht neu. Und doch wird es Sie \u00fcberraschen! <strong>Kaufen Sie das Buch jetzt v<\/strong><strong>Ohr \u20ac 21,95. Kostenloser Versand innerhalb der Niederlande. <\/strong>F\u00fcr den Versand nach Belgien wird ein Aufschlag von 5 Euro erhoben. Erfahren Sie mehr \u00fcber den Versand in andere L\u00e4nder, <a href=\"https:\/\/www.thegreenlist.nl\/verzend-en-retourbeleid\/\">die Versand- und R\u00fcckgabebedingungen einsehen<\/a>.<\/p>","protected":false},"featured_media":45934,"template":"","meta":{"wprm-recipe-roundup-name":"","wprm-recipe-roundup-description":""},"product_brand":[],"product_cat":[1492],"product_tag":[2040],"class_list":{"0":"post-28987","1":"product","2":"type-product","3":"status-publish","4":"has-post-thumbnail","6":"product_cat-boeken","7":"product_tag-print-boek","9":"first","10":"instock","11":"featured","12":"taxable","13":"shipping-taxable","14":"purchasable","15":"product-type-simple"},"yoast_head":"<!-- This site is optimized with the Yoast SEO plugin v27.3 - https:\/\/yoast.com\/product\/yoast-seo-wordpress\/ -->\n<title>NIKS NIEUWS, maar toch zal het je verrassen - www.thegreenlist.nl<\/title>\n<meta name=\"description\" content=\"NIKS NIEUWS is h\u00e9t duurzame lifestyle boek waar de wereld op zit te wachten. Ontdek dat duurzamer leven hartstikke leuk is en dat je even lekker kunt leven.\" \/>\n<meta name=\"robots\" content=\"index, follow, max-snippet:-1, max-image-preview:large, max-video-preview:-1\" \/>\n<link rel=\"canonical\" href=\"https:\/\/www.thegreenlist.nl\/de\/produkt\/nichts-neues-nachhaltiger-lebensstil-buch\/\" \/>\n<meta property=\"og:locale\" content=\"de_DE\" \/>\n<meta property=\"og:type\" content=\"article\" \/>\n<meta property=\"og:title\" content=\"NIKS NIEUWS, maar toch zal het je verrassen - www.thegreenlist.nl\" \/>\n<meta property=\"og:description\" content=\"NIKS NIEUWS is h\u00e9t duurzame lifestyle boek waar de wereld op zit te wachten. Ontdek dat duurzamer leven hartstikke leuk is en dat je even lekker kunt leven.\" \/>\n<meta property=\"og:url\" content=\"https:\/\/www.thegreenlist.nl\/de\/produkt\/nichts-neues-nachhaltiger-lebensstil-buch\/\" \/>\n<meta property=\"og:site_name\" content=\"www.thegreenlist.nl\" \/>\n<meta property=\"article:modified_time\" content=\"2026-04-05T05:30:15+00:00\" \/>\n<meta property=\"og:image\" content=\"https:\/\/afbeeldingen.thegreenlist.nl\/uploads\/2023\/03\/Niks-nieuws-duurzame-lifestyle-boek-cover.jpg\" \/>\n\t<meta property=\"og:image:width\" content=\"800\" \/>\n\t<meta property=\"og:image:height\" content=\"1129\" \/>\n\t<meta property=\"og:image:type\" content=\"image\/jpeg\" \/>\n<meta name=\"twitter:card\" content=\"summary_large_image\" \/>\n<meta name=\"twitter:label1\" content=\"Gesch\u00e4tzte Lesezeit\" \/>\n\t<meta name=\"twitter:data1\" content=\"2\u00a0Minuten\" \/>\n<script type=\"application\/ld+json\" class=\"yoast-schema-graph\">{\"@context\":\"https:\\\/\\\/schema.org\",\"@graph\":[{\"@type\":\"WebPage\",\"@id\":\"https:\\\/\\\/www.thegreenlist.nl\\\/product\\\/niks-nieuws-duurzame-lifestyle-boek\\\/\",\"url\":\"https:\\\/\\\/www.thegreenlist.nl\\\/product\\\/niks-nieuws-duurzame-lifestyle-boek\\\/\",\"name\":\"NIKS NIEUWS, maar toch zal het je verrassen - www.thegreenlist.nl\",\"isPartOf\":{\"@id\":\"https:\\\/\\\/www.thegreenlist.nl\\\/en\\\/#website\"},\"primaryImageOfPage\":{\"@id\":\"https:\\\/\\\/www.thegreenlist.nl\\\/product\\\/niks-nieuws-duurzame-lifestyle-boek\\\/#primaryimage\"},\"image\":{\"@id\":\"https:\\\/\\\/www.thegreenlist.nl\\\/product\\\/niks-nieuws-duurzame-lifestyle-boek\\\/#primaryimage\"},\"thumbnailUrl\":\"https:\\\/\\\/afbeeldingen.thegreenlist.nl\\\/uploads\\\/2023\\\/03\\\/Niks-nieuws-duurzame-lifestyle-boek-cover.jpg\",\"datePublished\":\"2025-09-17T05:48:38+00:00\",\"dateModified\":\"2026-04-05T05:30:15+00:00\",\"description\":\"NIKS NIEUWS is h\u00e9t duurzame lifestyle boek waar de wereld op zit te wachten. Ontdek dat duurzamer leven hartstikke leuk is en dat je even lekker kunt leven.\",\"breadcrumb\":{\"@id\":\"https:\\\/\\\/www.thegreenlist.nl\\\/product\\\/niks-nieuws-duurzame-lifestyle-boek\\\/#breadcrumb\"},\"inLanguage\":\"de\",\"potentialAction\":[{\"@type\":\"ReadAction\",\"target\":[\"https:\\\/\\\/www.thegreenlist.nl\\\/product\\\/niks-nieuws-duurzame-lifestyle-boek\\\/\"]}]},{\"@type\":\"ImageObject\",\"inLanguage\":\"de\",\"@id\":\"https:\\\/\\\/www.thegreenlist.nl\\\/product\\\/niks-nieuws-duurzame-lifestyle-boek\\\/#primaryimage\",\"url\":\"https:\\\/\\\/afbeeldingen.thegreenlist.nl\\\/uploads\\\/2023\\\/03\\\/Niks-nieuws-duurzame-lifestyle-boek-cover.jpg\",\"contentUrl\":\"https:\\\/\\\/afbeeldingen.thegreenlist.nl\\\/uploads\\\/2023\\\/03\\\/Niks-nieuws-duurzame-lifestyle-boek-cover.jpg\",\"width\":800,\"height\":1129,\"caption\":\"Niks nieuws, boek duurzaam leven.\"},{\"@type\":\"BreadcrumbList\",\"@id\":\"https:\\\/\\\/www.thegreenlist.nl\\\/product\\\/niks-nieuws-duurzame-lifestyle-boek\\\/#breadcrumb\",\"itemListElement\":[{\"@type\":\"ListItem\",\"position\":1,\"name\":\"Home\",\"item\":\"https:\\\/\\\/www.thegreenlist.nl\\\/\"},{\"@type\":\"ListItem\",\"position\":2,\"name\":\"Winkel\",\"item\":\"https:\\\/\\\/www.thegreenlist.nl\\\/winkel\\\/\"},{\"@type\":\"ListItem\",\"position\":3,\"name\":\"NIKS NIEUWS, maar toch zal het je verrassen\"}]},{\"@type\":\"WebSite\",\"@id\":\"https:\\\/\\\/www.thegreenlist.nl\\\/en\\\/#website\",\"url\":\"https:\\\/\\\/www.thegreenlist.nl\\\/en\\\/\",\"name\":\"www.thegreenlist.nl\",\"description\":\"Alles voor een groenere lifestyle\",\"publisher\":{\"@id\":\"https:\\\/\\\/www.thegreenlist.nl\\\/en\\\/#organization\"},\"potentialAction\":[{\"@type\":\"SearchAction\",\"target\":{\"@type\":\"EntryPoint\",\"urlTemplate\":\"https:\\\/\\\/www.thegreenlist.nl\\\/en\\\/?s={search_term_string}\"},\"query-input\":{\"@type\":\"PropertyValueSpecification\",\"valueRequired\":true,\"valueName\":\"search_term_string\"}}],\"inLanguage\":\"de\"},{\"@type\":\"Organization\",\"@id\":\"https:\\\/\\\/www.thegreenlist.nl\\\/en\\\/#organization\",\"name\":\"www.thegreenlist.nl\",\"url\":\"https:\\\/\\\/www.thegreenlist.nl\\\/en\\\/\",\"logo\":{\"@type\":\"ImageObject\",\"inLanguage\":\"de\",\"@id\":\"https:\\\/\\\/www.thegreenlist.nl\\\/en\\\/#\\\/schema\\\/logo\\\/image\\\/\",\"url\":\"https:\\\/\\\/afbeeldingen.thegreenlist.nl\\\/uploads\\\/2022\\\/01\\\/Middel-1-100.jpg\",\"contentUrl\":\"https:\\\/\\\/afbeeldingen.thegreenlist.nl\\\/uploads\\\/2022\\\/01\\\/Middel-1-100.jpg\",\"width\":342,\"height\":342,\"caption\":\"www.thegreenlist.nl\"},\"image\":{\"@id\":\"https:\\\/\\\/www.thegreenlist.nl\\\/en\\\/#\\\/schema\\\/logo\\\/image\\\/\"}}]}<\/script>\n<!-- \/ Yoast SEO plugin. -->","yoast_head_json":{"title":"NIKS NIEUWS, doch es wird Sie \u00fcberraschen - www.thegreenlist.nl","description":"NIKS NIEUWS ist das Buch zum nachhaltigen Lebensstil, auf das die Welt wartet. Entdecken Sie, dass ein nachhaltigeres Leben Spa\u00df macht und Sie genauso gut leben k\u00f6nnen.","robots":{"index":"index","follow":"follow","max-snippet":"max-snippet:-1","max-image-preview":"max-image-preview:large","max-video-preview":"max-video-preview:-1"},"canonical":"https:\/\/www.thegreenlist.nl\/de\/produkt\/nichts-neues-nachhaltiger-lebensstil-buch\/","og_locale":"de_DE","og_type":"article","og_title":"NIKS NIEUWS, maar toch zal het je verrassen - www.thegreenlist.nl","og_description":"NIKS NIEUWS is h\u00e9t duurzame lifestyle boek waar de wereld op zit te wachten. Ontdek dat duurzamer leven hartstikke leuk is en dat je even lekker kunt leven.","og_url":"https:\/\/www.thegreenlist.nl\/de\/produkt\/nichts-neues-nachhaltiger-lebensstil-buch\/","og_site_name":"www.thegreenlist.nl","article_modified_time":"2026-04-05T05:30:15+00:00","og_image":[{"width":800,"height":1129,"url":"https:\/\/afbeeldingen.thegreenlist.nl\/uploads\/2023\/03\/Niks-nieuws-duurzame-lifestyle-boek-cover.jpg","type":"image\/jpeg"}],"twitter_card":"summary_large_image","twitter_misc":{"Gesch\u00e4tzte Lesezeit":"2\u00a0Minuten"},"schema":{"@context":"https:\/\/schema.org","@graph":[{"@type":"WebPage","@id":"https:\/\/www.thegreenlist.nl\/product\/niks-nieuws-duurzame-lifestyle-boek\/","url":"https:\/\/www.thegreenlist.nl\/product\/niks-nieuws-duurzame-lifestyle-boek\/","name":"NIKS NIEUWS, doch es wird Sie \u00fcberraschen - www.thegreenlist.nl","isPartOf":{"@id":"https:\/\/www.thegreenlist.nl\/en\/#website"},"primaryImageOfPage":{"@id":"https:\/\/www.thegreenlist.nl\/product\/niks-nieuws-duurzame-lifestyle-boek\/#primaryimage"},"image":{"@id":"https:\/\/www.thegreenlist.nl\/product\/niks-nieuws-duurzame-lifestyle-boek\/#primaryimage"},"thumbnailUrl":"https:\/\/afbeeldingen.thegreenlist.nl\/uploads\/2023\/03\/Niks-nieuws-duurzame-lifestyle-boek-cover.jpg","datePublished":"2025-09-17T05:48:38+00:00","dateModified":"2026-04-05T05:30:15+00:00","description":"NIKS NIEUWS ist das Buch zum nachhaltigen Lebensstil, auf das die Welt wartet. Entdecken Sie, dass ein nachhaltigeres Leben Spa\u00df macht und Sie genauso gut leben k\u00f6nnen.","breadcrumb":{"@id":"https:\/\/www.thegreenlist.nl\/product\/niks-nieuws-duurzame-lifestyle-boek\/#breadcrumb"},"inLanguage":"de","potentialAction":[{"@type":"ReadAction","target":["https:\/\/www.thegreenlist.nl\/product\/niks-nieuws-duurzame-lifestyle-boek\/"]}]},{"@type":"ImageObject","inLanguage":"de","@id":"https:\/\/www.thegreenlist.nl\/product\/niks-nieuws-duurzame-lifestyle-boek\/#primaryimage","url":"https:\/\/afbeeldingen.thegreenlist.nl\/uploads\/2023\/03\/Niks-nieuws-duurzame-lifestyle-boek-cover.jpg","contentUrl":"https:\/\/afbeeldingen.thegreenlist.nl\/uploads\/2023\/03\/Niks-nieuws-duurzame-lifestyle-boek-cover.jpg","width":800,"height":1129,"caption":"Niks nieuws, boek duurzaam leven."},{"@type":"BreadcrumbList","@id":"https:\/\/www.thegreenlist.nl\/product\/niks-nieuws-duurzame-lifestyle-boek\/#breadcrumb","itemListElement":[{"@type":"ListItem","position":1,"name":"Home","item":"https:\/\/www.thegreenlist.nl\/"},{"@type":"ListItem","position":2,"name":"Winkel","item":"https:\/\/www.thegreenlist.nl\/winkel\/"},{"@type":"ListItem","position":3,"name":"NIKS NIEUWS, maar toch zal het je verrassen"}]},{"@type":"WebSite","@id":"https:\/\/www.thegreenlist.nl\/en\/#website","url":"https:\/\/www.thegreenlist.nl\/en\/","name":"www.thegreenlist.nl","description":"Alles f\u00fcr einen gr\u00fcneren Lebensstil","publisher":{"@id":"https:\/\/www.thegreenlist.nl\/en\/#organization"},"potentialAction":[{"@type":"SearchAction","target":{"@type":"EntryPoint","urlTemplate":"https:\/\/www.thegreenlist.nl\/en\/?s={search_term_string}"},"query-input":{"@type":"PropertyValueSpecification","valueRequired":true,"valueName":"search_term_string"}}],"inLanguage":"de"},{"@type":"Organization","@id":"https:\/\/www.thegreenlist.nl\/en\/#organization","name":"www.thegreenlist.nl","url":"https:\/\/www.thegreenlist.nl\/en\/","logo":{"@type":"ImageObject","inLanguage":"de","@id":"https:\/\/www.thegreenlist.nl\/en\/#\/schema\/logo\/image\/","url":"https:\/\/afbeeldingen.thegreenlist.nl\/uploads\/2022\/01\/Middel-1-100.jpg","contentUrl":"https:\/\/afbeeldingen.thegreenlist.nl\/uploads\/2022\/01\/Middel-1-100.jpg","width":342,"height":342,"caption":"www.thegreenlist.nl"},"image":{"@id":"https:\/\/www.thegreenlist.nl\/en\/#\/schema\/logo\/image\/"}}]}},"jetpack_sharing_enabled":true,"_links":{"self":[{"href":"https:\/\/www.thegreenlist.nl\/de\/wp-json\/wp\/v2\/product\/28987","targetHints":{"allow":["GET"]}}],"collection":[{"href":"https:\/\/www.thegreenlist.nl\/de\/wp-json\/wp\/v2\/product"}],"about":[{"href":"https:\/\/www.thegreenlist.nl\/de\/wp-json\/wp\/v2\/types\/product"}],"wp:featuredmedia":[{"embeddable":true,"href":"https:\/\/www.thegreenlist.nl\/de\/wp-json\/wp\/v2\/media\/45934"}],"wp:attachment":[{"href":"https:\/\/www.thegreenlist.nl\/de\/wp-json\/wp\/v2\/media?parent=28987"}],"wp:term":[{"taxonomy":"product_brand","embeddable":true,"href":"https:\/\/www.thegreenlist.nl\/de\/wp-json\/wp\/v2\/product_brand?post=28987"},{"taxonomy":"product_cat","embeddable":true,"href":"https:\/\/www.thegreenlist.nl\/de\/wp-json\/wp\/v2\/product_cat?post=28987"},{"taxonomy":"product_tag","embeddable":true,"href":"https:\/\/www.thegreenlist.nl\/de\/wp-json\/wp\/v2\/product_tag?post=28987"}],"curies":[{"name":"wp","href":"https:\/\/api.w.org\/{rel}","templated":true}]}}