{"id":29291,"date":"2023-04-15T08:53:11","date_gmt":"2023-04-15T06:53:11","guid":{"rendered":"https:\/\/www.thegreenlist.nl\/?post_type=product&#038;p=29291"},"modified":"2025-10-25T16:03:42","modified_gmt":"2025-10-25T14:03:42","slug":"unterstutzen-sie-den-schopfer-mit-einer-spende","status":"publish","type":"product","link":"https:\/\/www.thegreenlist.nl\/de\/product\/steun-de-maker-met-donatie\/","title":{"rendered":"Unterst\u00fctzen Sie uns mit einer Spende!"},"content":{"rendered":"<p>&nbsp;<\/p>\n<p>&nbsp;<\/p>","protected":false},"excerpt":{"rendered":"<p>Unterst\u00fctzen Sie unsere journalistische Arbeit, damit wir noch viele weitere coole Publikationen erstellen und damit die Welt ein bisschen sch\u00f6ner machen k\u00f6nnen. Eine Spende betr\u00e4gt standardm\u00e4\u00dfig f\u00fcnf Euro und Sie k\u00f6nnen sie in F\u00fcnf-Euro-Schritten erh\u00f6hen, indem Sie das Produkt \u00f6fter ausw\u00e4hlen.<\/p>","protected":false},"featured_media":32224,"template":"","meta":{"wprm-recipe-roundup-name":"","wprm-recipe-roundup-description":""},"product_brand":[],"product_cat":[1505],"product_tag":[2039],"class_list":{"0":"post-29291","1":"product","2":"type-product","3":"status-publish","4":"has-post-thumbnail","6":"product_cat-virtueel-product","7":"product_tag-donatie","9":"first","10":"instock","11":"virtual","12":"taxable","13":"purchasable","14":"product-type-simple"},"yoast_head":"<!-- This site is optimized with the Yoast SEO plugin v27.3 - https:\/\/yoast.com\/product\/yoast-seo-wordpress\/ -->\n<title>Steun ons met een donatie! - www.thegreenlist.nl<\/title>\n<meta name=\"description\" content=\"Steun ons journalistieke werk zodat we nog veel meer toffe publicaties kunnen maken en daarmee de wereld een beetje mooier kunnen maken.\" \/>\n<meta name=\"robots\" content=\"noindex, nofollow\" \/>\n<meta property=\"og:locale\" content=\"de_DE\" \/>\n<meta property=\"og:type\" content=\"article\" \/>\n<meta property=\"og:title\" content=\"Steun ons met een donatie! - www.thegreenlist.nl\" \/>\n<meta property=\"og:description\" content=\"Steun ons journalistieke werk zodat we nog veel meer toffe publicaties kunnen maken en daarmee de wereld een beetje mooier kunnen maken.\" \/>\n<meta property=\"og:url\" content=\"https:\/\/www.thegreenlist.nl\/de\/produkt\/unterstutzen-sie-den-schopfer-mit-einer-spende\/\" \/>\n<meta property=\"og:site_name\" content=\"www.thegreenlist.nl\" \/>\n<meta property=\"article:modified_time\" content=\"2025-10-25T14:03:42+00:00\" \/>\n<meta property=\"og:image\" content=\"https:\/\/afbeeldingen.thegreenlist.nl\/uploads\/2023\/04\/donatie.jpg\" \/>\n\t<meta property=\"og:image:width\" content=\"1000\" \/>\n\t<meta property=\"og:image:height\" content=\"714\" \/>\n\t<meta property=\"og:image:type\" content=\"image\/jpeg\" \/>\n<meta name=\"twitter:card\" content=\"summary_large_image\" \/>\n<meta name=\"twitter:label1\" content=\"Gesch\u00e4tzte Lesezeit\" \/>\n\t<meta name=\"twitter:data1\" content=\"1\u00a0Minute\" \/>\n<script type=\"application\/ld+json\" class=\"yoast-schema-graph\">{\"@context\":\"https:\\\/\\\/schema.org\",\"@graph\":[{\"@type\":\"WebPage\",\"@id\":\"https:\\\/\\\/www.thegreenlist.nl\\\/product\\\/steun-de-maker-met-donatie\\\/\",\"url\":\"https:\\\/\\\/www.thegreenlist.nl\\\/product\\\/steun-de-maker-met-donatie\\\/\",\"name\":\"Steun ons met een donatie! - www.thegreenlist.nl\",\"isPartOf\":{\"@id\":\"https:\\\/\\\/www.thegreenlist.nl\\\/en\\\/#website\"},\"primaryImageOfPage\":{\"@id\":\"https:\\\/\\\/www.thegreenlist.nl\\\/product\\\/steun-de-maker-met-donatie\\\/#primaryimage\"},\"image\":{\"@id\":\"https:\\\/\\\/www.thegreenlist.nl\\\/product\\\/steun-de-maker-met-donatie\\\/#primaryimage\"},\"thumbnailUrl\":\"https:\\\/\\\/afbeeldingen.thegreenlist.nl\\\/uploads\\\/2023\\\/04\\\/donatie.jpg\",\"datePublished\":\"2023-04-15T06:53:11+00:00\",\"dateModified\":\"2025-10-25T14:03:42+00:00\",\"description\":\"Steun ons journalistieke werk zodat we nog veel meer toffe publicaties kunnen maken en daarmee de wereld een beetje mooier kunnen maken.\",\"breadcrumb\":{\"@id\":\"https:\\\/\\\/www.thegreenlist.nl\\\/product\\\/steun-de-maker-met-donatie\\\/#breadcrumb\"},\"inLanguage\":\"de\",\"potentialAction\":[{\"@type\":\"ReadAction\",\"target\":[\"https:\\\/\\\/www.thegreenlist.nl\\\/product\\\/steun-de-maker-met-donatie\\\/\"]}]},{\"@type\":\"ImageObject\",\"inLanguage\":\"de\",\"@id\":\"https:\\\/\\\/www.thegreenlist.nl\\\/product\\\/steun-de-maker-met-donatie\\\/#primaryimage\",\"url\":\"https:\\\/\\\/afbeeldingen.thegreenlist.nl\\\/uploads\\\/2023\\\/04\\\/donatie.jpg\",\"contentUrl\":\"https:\\\/\\\/afbeeldingen.thegreenlist.nl\\\/uploads\\\/2023\\\/04\\\/donatie.jpg\",\"width\":1000,\"height\":714,\"caption\":\"Donatie.\"},{\"@type\":\"BreadcrumbList\",\"@id\":\"https:\\\/\\\/www.thegreenlist.nl\\\/product\\\/steun-de-maker-met-donatie\\\/#breadcrumb\",\"itemListElement\":[{\"@type\":\"ListItem\",\"position\":1,\"name\":\"Home\",\"item\":\"https:\\\/\\\/www.thegreenlist.nl\\\/\"},{\"@type\":\"ListItem\",\"position\":2,\"name\":\"Winkel\",\"item\":\"https:\\\/\\\/www.thegreenlist.nl\\\/winkel\\\/\"},{\"@type\":\"ListItem\",\"position\":3,\"name\":\"Steun ons met een donatie!\"}]},{\"@type\":\"WebSite\",\"@id\":\"https:\\\/\\\/www.thegreenlist.nl\\\/en\\\/#website\",\"url\":\"https:\\\/\\\/www.thegreenlist.nl\\\/en\\\/\",\"name\":\"www.thegreenlist.nl\",\"description\":\"Alles voor een groenere lifestyle\",\"publisher\":{\"@id\":\"https:\\\/\\\/www.thegreenlist.nl\\\/en\\\/#organization\"},\"potentialAction\":[{\"@type\":\"SearchAction\",\"target\":{\"@type\":\"EntryPoint\",\"urlTemplate\":\"https:\\\/\\\/www.thegreenlist.nl\\\/en\\\/?s={search_term_string}\"},\"query-input\":{\"@type\":\"PropertyValueSpecification\",\"valueRequired\":true,\"valueName\":\"search_term_string\"}}],\"inLanguage\":\"de\"},{\"@type\":\"Organization\",\"@id\":\"https:\\\/\\\/www.thegreenlist.nl\\\/en\\\/#organization\",\"name\":\"www.thegreenlist.nl\",\"url\":\"https:\\\/\\\/www.thegreenlist.nl\\\/en\\\/\",\"logo\":{\"@type\":\"ImageObject\",\"inLanguage\":\"de\",\"@id\":\"https:\\\/\\\/www.thegreenlist.nl\\\/en\\\/#\\\/schema\\\/logo\\\/image\\\/\",\"url\":\"https:\\\/\\\/afbeeldingen.thegreenlist.nl\\\/uploads\\\/2022\\\/01\\\/Middel-1-100.jpg\",\"contentUrl\":\"https:\\\/\\\/afbeeldingen.thegreenlist.nl\\\/uploads\\\/2022\\\/01\\\/Middel-1-100.jpg\",\"width\":342,\"height\":342,\"caption\":\"www.thegreenlist.nl\"},\"image\":{\"@id\":\"https:\\\/\\\/www.thegreenlist.nl\\\/en\\\/#\\\/schema\\\/logo\\\/image\\\/\"}}]}<\/script>\n<!-- \/ Yoast SEO plugin. -->","yoast_head_json":{"title":"Unterst\u00fctzen Sie uns mit einer Spende! - www.thegreenlist.nl","description":"Unterst\u00fctzen Sie unsere journalistische Arbeit, damit wir noch viele weitere coole Publikationen erstellen und damit die Welt ein bisschen sch\u00f6ner machen k\u00f6nnen.","robots":{"index":"noindex","follow":"nofollow"},"og_locale":"de_DE","og_type":"article","og_title":"Steun ons met een donatie! - www.thegreenlist.nl","og_description":"Steun ons journalistieke werk zodat we nog veel meer toffe publicaties kunnen maken en daarmee de wereld een beetje mooier kunnen maken.","og_url":"https:\/\/www.thegreenlist.nl\/de\/produkt\/unterstutzen-sie-den-schopfer-mit-einer-spende\/","og_site_name":"www.thegreenlist.nl","article_modified_time":"2025-10-25T14:03:42+00:00","og_image":[{"width":1000,"height":714,"url":"https:\/\/afbeeldingen.thegreenlist.nl\/uploads\/2023\/04\/donatie.jpg","type":"image\/jpeg"}],"twitter_card":"summary_large_image","twitter_misc":{"Gesch\u00e4tzte Lesezeit":"1\u00a0Minute"},"schema":{"@context":"https:\/\/schema.org","@graph":[{"@type":"WebPage","@id":"https:\/\/www.thegreenlist.nl\/product\/steun-de-maker-met-donatie\/","url":"https:\/\/www.thegreenlist.nl\/product\/steun-de-maker-met-donatie\/","name":"Unterst\u00fctzen Sie uns mit einer Spende! - www.thegreenlist.nl","isPartOf":{"@id":"https:\/\/www.thegreenlist.nl\/en\/#website"},"primaryImageOfPage":{"@id":"https:\/\/www.thegreenlist.nl\/product\/steun-de-maker-met-donatie\/#primaryimage"},"image":{"@id":"https:\/\/www.thegreenlist.nl\/product\/steun-de-maker-met-donatie\/#primaryimage"},"thumbnailUrl":"https:\/\/afbeeldingen.thegreenlist.nl\/uploads\/2023\/04\/donatie.jpg","datePublished":"2023-04-15T06:53:11+00:00","dateModified":"2025-10-25T14:03:42+00:00","description":"Unterst\u00fctzen Sie unsere journalistische Arbeit, damit wir noch viele weitere coole Publikationen erstellen und damit die Welt ein bisschen sch\u00f6ner machen k\u00f6nnen.","breadcrumb":{"@id":"https:\/\/www.thegreenlist.nl\/product\/steun-de-maker-met-donatie\/#breadcrumb"},"inLanguage":"de","potentialAction":[{"@type":"ReadAction","target":["https:\/\/www.thegreenlist.nl\/product\/steun-de-maker-met-donatie\/"]}]},{"@type":"ImageObject","inLanguage":"de","@id":"https:\/\/www.thegreenlist.nl\/product\/steun-de-maker-met-donatie\/#primaryimage","url":"https:\/\/afbeeldingen.thegreenlist.nl\/uploads\/2023\/04\/donatie.jpg","contentUrl":"https:\/\/afbeeldingen.thegreenlist.nl\/uploads\/2023\/04\/donatie.jpg","width":1000,"height":714,"caption":"Donatie."},{"@type":"BreadcrumbList","@id":"https:\/\/www.thegreenlist.nl\/product\/steun-de-maker-met-donatie\/#breadcrumb","itemListElement":[{"@type":"ListItem","position":1,"name":"Home","item":"https:\/\/www.thegreenlist.nl\/"},{"@type":"ListItem","position":2,"name":"Winkel","item":"https:\/\/www.thegreenlist.nl\/winkel\/"},{"@type":"ListItem","position":3,"name":"Steun ons met een donatie!"}]},{"@type":"WebSite","@id":"https:\/\/www.thegreenlist.nl\/en\/#website","url":"https:\/\/www.thegreenlist.nl\/en\/","name":"www.thegreenlist.nl","description":"Alles f\u00fcr einen gr\u00fcneren Lebensstil","publisher":{"@id":"https:\/\/www.thegreenlist.nl\/en\/#organization"},"potentialAction":[{"@type":"SearchAction","target":{"@type":"EntryPoint","urlTemplate":"https:\/\/www.thegreenlist.nl\/en\/?s={search_term_string}"},"query-input":{"@type":"PropertyValueSpecification","valueRequired":true,"valueName":"search_term_string"}}],"inLanguage":"de"},{"@type":"Organization","@id":"https:\/\/www.thegreenlist.nl\/en\/#organization","name":"www.thegreenlist.nl","url":"https:\/\/www.thegreenlist.nl\/en\/","logo":{"@type":"ImageObject","inLanguage":"de","@id":"https:\/\/www.thegreenlist.nl\/en\/#\/schema\/logo\/image\/","url":"https:\/\/afbeeldingen.thegreenlist.nl\/uploads\/2022\/01\/Middel-1-100.jpg","contentUrl":"https:\/\/afbeeldingen.thegreenlist.nl\/uploads\/2022\/01\/Middel-1-100.jpg","width":342,"height":342,"caption":"www.thegreenlist.nl"},"image":{"@id":"https:\/\/www.thegreenlist.nl\/en\/#\/schema\/logo\/image\/"}}]}},"jetpack_sharing_enabled":true,"_links":{"self":[{"href":"https:\/\/www.thegreenlist.nl\/de\/wp-json\/wp\/v2\/product\/29291","targetHints":{"allow":["GET"]}}],"collection":[{"href":"https:\/\/www.thegreenlist.nl\/de\/wp-json\/wp\/v2\/product"}],"about":[{"href":"https:\/\/www.thegreenlist.nl\/de\/wp-json\/wp\/v2\/types\/product"}],"wp:featuredmedia":[{"embeddable":true,"href":"https:\/\/www.thegreenlist.nl\/de\/wp-json\/wp\/v2\/media\/32224"}],"wp:attachment":[{"href":"https:\/\/www.thegreenlist.nl\/de\/wp-json\/wp\/v2\/media?parent=29291"}],"wp:term":[{"taxonomy":"product_brand","embeddable":true,"href":"https:\/\/www.thegreenlist.nl\/de\/wp-json\/wp\/v2\/product_brand?post=29291"},{"taxonomy":"product_cat","embeddable":true,"href":"https:\/\/www.thegreenlist.nl\/de\/wp-json\/wp\/v2\/product_cat?post=29291"},{"taxonomy":"product_tag","embeddable":true,"href":"https:\/\/www.thegreenlist.nl\/de\/wp-json\/wp\/v2\/product_tag?post=29291"}],"curies":[{"name":"wp","href":"https:\/\/api.w.org\/{rel}","templated":true}]}}