{"id":45936,"date":"2025-06-17T18:10:09","date_gmt":"2025-06-17T16:10:09","guid":{"rendered":"https:\/\/www.thegreenlist.nl\/?post_type=product&#038;p=45936"},"modified":"2025-09-17T07:59:00","modified_gmt":"2025-09-17T05:59:00","slug":"no-buy-fashion-guide","status":"publish","type":"product","link":"https:\/\/www.thegreenlist.nl\/de\/product\/no-buy-fashiongids\/","title":{"rendered":"Modef\u00fchrer ohne Kaufzwang"},"content":{"rendered":"<p><img fetchpriority=\"high\" decoding=\"async\" class=\"alignnone size-medium wp-image-46164\" src=\"https:\/\/afbeeldingen.thegreenlist.nl\/uploads\/2024\/06\/9-212x300.jpg\" alt=\"\" width=\"212\" height=\"300\" srcset=\"https:\/\/afbeeldingen.thegreenlist.nl\/uploads\/2024\/06\/9-212x300.jpg 212w, https:\/\/afbeeldingen.thegreenlist.nl\/uploads\/2024\/06\/9-724x1024.jpg 724w, https:\/\/afbeeldingen.thegreenlist.nl\/uploads\/2024\/06\/9.jpg 768w\" sizes=\"(max-width: 212px) 100vw, 212px\" \/> <img decoding=\"async\" class=\"alignnone size-medium wp-image-46165\" src=\"https:\/\/afbeeldingen.thegreenlist.nl\/uploads\/2024\/06\/10-212x300.jpg\" alt=\"\" width=\"212\" height=\"300\" srcset=\"https:\/\/afbeeldingen.thegreenlist.nl\/uploads\/2024\/06\/10-212x300.jpg 212w, https:\/\/afbeeldingen.thegreenlist.nl\/uploads\/2024\/06\/10-724x1024.jpg 724w, https:\/\/afbeeldingen.thegreenlist.nl\/uploads\/2024\/06\/10.jpg 768w\" sizes=\"(max-width: 212px) 100vw, 212px\" \/> <img decoding=\"async\" class=\"alignnone size-medium wp-image-46166\" src=\"https:\/\/afbeeldingen.thegreenlist.nl\/uploads\/2024\/06\/20-212x300.jpg\" alt=\"\" width=\"212\" height=\"300\" srcset=\"https:\/\/afbeeldingen.thegreenlist.nl\/uploads\/2024\/06\/20-212x300.jpg 212w, https:\/\/afbeeldingen.thegreenlist.nl\/uploads\/2024\/06\/20-724x1024.jpg 724w, https:\/\/afbeeldingen.thegreenlist.nl\/uploads\/2024\/06\/20.jpg 768w\" sizes=\"(max-width: 212px) 100vw, 212px\" \/> <img loading=\"lazy\" decoding=\"async\" class=\"alignnone size-medium wp-image-46167\" src=\"https:\/\/afbeeldingen.thegreenlist.nl\/uploads\/2024\/06\/34-212x300.jpg\" alt=\"\" width=\"212\" height=\"300\" srcset=\"https:\/\/afbeeldingen.thegreenlist.nl\/uploads\/2024\/06\/34-212x300.jpg 212w, https:\/\/afbeeldingen.thegreenlist.nl\/uploads\/2024\/06\/34-724x1024.jpg 724w, https:\/\/afbeeldingen.thegreenlist.nl\/uploads\/2024\/06\/34.jpg 768w\" sizes=\"(max-width: 212px) 100vw, 212px\" \/> <img loading=\"lazy\" decoding=\"async\" class=\"alignnone size-medium wp-image-46168\" src=\"https:\/\/afbeeldingen.thegreenlist.nl\/uploads\/2024\/06\/42-212x300.jpg\" alt=\"\" width=\"212\" height=\"300\" srcset=\"https:\/\/afbeeldingen.thegreenlist.nl\/uploads\/2024\/06\/42-212x300.jpg 212w, https:\/\/afbeeldingen.thegreenlist.nl\/uploads\/2024\/06\/42-724x1024.jpg 724w, https:\/\/afbeeldingen.thegreenlist.nl\/uploads\/2024\/06\/42.jpg 768w\" sizes=\"(max-width: 212px) 100vw, 212px\" \/> <img loading=\"lazy\" decoding=\"async\" class=\"alignnone size-medium wp-image-46169\" src=\"https:\/\/afbeeldingen.thegreenlist.nl\/uploads\/2024\/06\/83-212x300.jpg\" alt=\"\" width=\"212\" height=\"300\" srcset=\"https:\/\/afbeeldingen.thegreenlist.nl\/uploads\/2024\/06\/83-212x300.jpg 212w, https:\/\/afbeeldingen.thegreenlist.nl\/uploads\/2024\/06\/83-724x1024.jpg 724w, https:\/\/afbeeldingen.thegreenlist.nl\/uploads\/2024\/06\/83.jpg 768w\" sizes=\"(max-width: 212px) 100vw, 212px\" \/><\/p>","protected":false},"excerpt":{"rendered":"<p>\u00dcber 100 Seiten voller Inspiration, um nichts zu kaufen und trotzdem toll auszusehen. Wir bringen dir Ideen f\u00fcr coole Outfits, ohne etwas zu kaufen. Nichts. N\u00f6, nada. Nicht einmal aus zweiter Hand. Wir werden mit einem Style-Coach in deinen Kleiderschrank eintauchen, dir Tipps f\u00fcr lustige Initiativen zum Teilen und Tauschen von Kleidung geben, nach kostenlosen Klamotten suchen und lustige <em>Mode-Hacks<\/em>. Wussten Sie zum Beispiel, dass ein Po auch ein Bikinioberteil sein kann? Schlie\u00dflich teilen wir die versprochene <em>Upcycling-Liste<\/em> Danach sind Sie - glauben Sie uns - voller Inspiration. Sie sehen pl\u00f6tzlich in allem ein neues Kleidungsst\u00fcck. Ja, wirklich! Sogar in der wei\u00dfen Dreiviertelhose, die Sie in den Nullerjahren getragen haben. Und all die Kleidungsst\u00fccke, die Sie wirklich nicht mehr tragen? Kein Problem! Wir sagen dir auch, wie du sie richtig loswirst.<\/p>\n<p>\u2018\u00dcberhaupt nichts zu kaufen\u2019 klingt vielleicht ein bisschen sauer und schwammig, aber wir zeigen Ihnen in diesem Ratgeber, dass das \u00fcberhaupt nicht stimmt. All die Jahre haben wir alle viel zu viele Klamotten gekauft. Die gute Nachricht ist also, dass alles schon da ist! Und das wollen wir wiederentdecken mit <em>Nicht kaufen<\/em>, der billigste und originellste Modef\u00fchrer der Niederlande, denn dort gibt es die sch\u00f6nsten Kleider!<\/p>\n<p>Nichon Glerum, Gr\u00fcnder von The Clothing Loop \u00fcber diesen Leitfaden: \u2018Tatsache ist, dass wir uns nicht in eine nachhaltige Zukunft konsumieren k\u00f6nnen. Aber die Botschaft \u2018weniger\u2019 ist schnell langweilig und klingt langweilig. Nicht mit Saskias No Buy Fashion Guide! Alle Alternativen in einer Reihe: mehr aus dem Kleiderschrank holen, tauschen, leihen und upcyceln. Im fr\u00f6hlichen Geenlist-Stil, also ohne schweres Heben. Sie holen garantiert den Zehner raus!\u2019<\/p>\n<p>Ein einmal gekaufter E-Guide kann nicht storniert oder zur\u00fcckgegeben werden. <a href=\"https:\/\/www.thegreenlist.nl\/voorwaarden\/\">Lesen Sie mehr dar\u00fcber in unseren Versand- und R\u00fcckgaberichtlinien.<\/a><br \/>\nBitte beachten Sie, dass der Download-Link bis zu sieben Tage nach dem Kauf verf\u00fcgbar ist! Speichern Sie den Leitfaden nach dem Kauf an einem sicheren Ort.<\/p>","protected":false},"featured_media":45939,"template":"","meta":{"wprm-recipe-roundup-name":"","wprm-recipe-roundup-description":""},"product_brand":[],"product_cat":[1505],"product_tag":[2041],"class_list":{"0":"post-45936","1":"product","2":"type-product","3":"status-publish","4":"has-post-thumbnail","6":"product_cat-virtueel-product","7":"product_tag-e-gids","9":"first","10":"instock","11":"downloadable","12":"virtual","13":"taxable","14":"purchasable","15":"product-type-simple"},"yoast_head":"<!-- This site is optimized with the Yoast SEO plugin v27.3 - https:\/\/yoast.com\/product\/yoast-seo-wordpress\/ -->\n<title>No buy fashiongids - www.thegreenlist.nl<\/title>\n<meta name=\"description\" content=\"Meer dan 100 pagina\u2019s \u2013 110 om precies te zijn \u2013 bomvol inspiratie om niks te kopen en er toch geweldig uit te zien.\u00a0\" \/>\n<meta name=\"robots\" content=\"index, follow, max-snippet:-1, max-image-preview:large, max-video-preview:-1\" \/>\n<link rel=\"canonical\" href=\"https:\/\/www.thegreenlist.nl\/de\/produkt\/no-buy-fashion-guide\/\" \/>\n<meta property=\"og:locale\" content=\"de_DE\" \/>\n<meta property=\"og:type\" content=\"article\" \/>\n<meta property=\"og:title\" content=\"No buy fashiongids - www.thegreenlist.nl\" \/>\n<meta property=\"og:description\" content=\"Meer dan 100 pagina\u2019s \u2013 110 om precies te zijn \u2013 bomvol inspiratie om niks te kopen en er toch geweldig uit te zien.\u00a0\" \/>\n<meta property=\"og:url\" content=\"https:\/\/www.thegreenlist.nl\/de\/produkt\/no-buy-fashion-guide\/\" \/>\n<meta property=\"og:site_name\" content=\"www.thegreenlist.nl\" \/>\n<meta property=\"article:modified_time\" content=\"2025-09-17T05:59:00+00:00\" \/>\n<meta property=\"og:image\" content=\"https:\/\/afbeeldingen.thegreenlist.nl\/uploads\/2024\/06\/No-buy-fashiongids.jpg\" \/>\n\t<meta property=\"og:image:width\" content=\"800\" \/>\n\t<meta property=\"og:image:height\" content=\"1132\" \/>\n\t<meta property=\"og:image:type\" content=\"image\/jpeg\" \/>\n<meta name=\"twitter:card\" content=\"summary_large_image\" \/>\n<meta name=\"twitter:label1\" content=\"Gesch\u00e4tzte Lesezeit\" \/>\n\t<meta name=\"twitter:data1\" content=\"2\u00a0Minuten\" \/>\n<script type=\"application\/ld+json\" class=\"yoast-schema-graph\">{\"@context\":\"https:\\\/\\\/schema.org\",\"@graph\":[{\"@type\":\"WebPage\",\"@id\":\"https:\\\/\\\/www.thegreenlist.nl\\\/product\\\/no-buy-fashiongids\\\/\",\"url\":\"https:\\\/\\\/www.thegreenlist.nl\\\/product\\\/no-buy-fashiongids\\\/\",\"name\":\"No buy fashiongids - www.thegreenlist.nl\",\"isPartOf\":{\"@id\":\"https:\\\/\\\/www.thegreenlist.nl\\\/en\\\/#website\"},\"primaryImageOfPage\":{\"@id\":\"https:\\\/\\\/www.thegreenlist.nl\\\/product\\\/no-buy-fashiongids\\\/#primaryimage\"},\"image\":{\"@id\":\"https:\\\/\\\/www.thegreenlist.nl\\\/product\\\/no-buy-fashiongids\\\/#primaryimage\"},\"thumbnailUrl\":\"https:\\\/\\\/afbeeldingen.thegreenlist.nl\\\/uploads\\\/2024\\\/06\\\/No-buy-fashiongids.jpg\",\"datePublished\":\"2025-06-17T16:10:09+00:00\",\"dateModified\":\"2025-09-17T05:59:00+00:00\",\"description\":\"Meer dan 100 pagina\u2019s \u2013 110 om precies te zijn \u2013 bomvol inspiratie om niks te kopen en er toch geweldig uit te zien.\u00a0\",\"breadcrumb\":{\"@id\":\"https:\\\/\\\/www.thegreenlist.nl\\\/product\\\/no-buy-fashiongids\\\/#breadcrumb\"},\"inLanguage\":\"de\",\"potentialAction\":[{\"@type\":\"ReadAction\",\"target\":[\"https:\\\/\\\/www.thegreenlist.nl\\\/product\\\/no-buy-fashiongids\\\/\"]}]},{\"@type\":\"ImageObject\",\"inLanguage\":\"de\",\"@id\":\"https:\\\/\\\/www.thegreenlist.nl\\\/product\\\/no-buy-fashiongids\\\/#primaryimage\",\"url\":\"https:\\\/\\\/afbeeldingen.thegreenlist.nl\\\/uploads\\\/2024\\\/06\\\/No-buy-fashiongids.jpg\",\"contentUrl\":\"https:\\\/\\\/afbeeldingen.thegreenlist.nl\\\/uploads\\\/2024\\\/06\\\/No-buy-fashiongids.jpg\",\"width\":800,\"height\":1132,\"caption\":\"No buy fashiongids, gids duurzame mode.\"},{\"@type\":\"BreadcrumbList\",\"@id\":\"https:\\\/\\\/www.thegreenlist.nl\\\/product\\\/no-buy-fashiongids\\\/#breadcrumb\",\"itemListElement\":[{\"@type\":\"ListItem\",\"position\":1,\"name\":\"Home\",\"item\":\"https:\\\/\\\/www.thegreenlist.nl\\\/\"},{\"@type\":\"ListItem\",\"position\":2,\"name\":\"Winkel\",\"item\":\"https:\\\/\\\/www.thegreenlist.nl\\\/winkel\\\/\"},{\"@type\":\"ListItem\",\"position\":3,\"name\":\"No buy fashiongids\"}]},{\"@type\":\"WebSite\",\"@id\":\"https:\\\/\\\/www.thegreenlist.nl\\\/en\\\/#website\",\"url\":\"https:\\\/\\\/www.thegreenlist.nl\\\/en\\\/\",\"name\":\"www.thegreenlist.nl\",\"description\":\"Alles voor een groenere lifestyle\",\"publisher\":{\"@id\":\"https:\\\/\\\/www.thegreenlist.nl\\\/en\\\/#organization\"},\"potentialAction\":[{\"@type\":\"SearchAction\",\"target\":{\"@type\":\"EntryPoint\",\"urlTemplate\":\"https:\\\/\\\/www.thegreenlist.nl\\\/en\\\/?s={search_term_string}\"},\"query-input\":{\"@type\":\"PropertyValueSpecification\",\"valueRequired\":true,\"valueName\":\"search_term_string\"}}],\"inLanguage\":\"de\"},{\"@type\":\"Organization\",\"@id\":\"https:\\\/\\\/www.thegreenlist.nl\\\/en\\\/#organization\",\"name\":\"www.thegreenlist.nl\",\"url\":\"https:\\\/\\\/www.thegreenlist.nl\\\/en\\\/\",\"logo\":{\"@type\":\"ImageObject\",\"inLanguage\":\"de\",\"@id\":\"https:\\\/\\\/www.thegreenlist.nl\\\/en\\\/#\\\/schema\\\/logo\\\/image\\\/\",\"url\":\"https:\\\/\\\/afbeeldingen.thegreenlist.nl\\\/uploads\\\/2022\\\/01\\\/Middel-1-100.jpg\",\"contentUrl\":\"https:\\\/\\\/afbeeldingen.thegreenlist.nl\\\/uploads\\\/2022\\\/01\\\/Middel-1-100.jpg\",\"width\":342,\"height\":342,\"caption\":\"www.thegreenlist.nl\"},\"image\":{\"@id\":\"https:\\\/\\\/www.thegreenlist.nl\\\/en\\\/#\\\/schema\\\/logo\\\/image\\\/\"}}]}<\/script>\n<!-- \/ Yoast SEO plugin. -->","yoast_head_json":{"title":"Modef\u00fchrer ohne Kaufzwang - www.thegreenlist.nl","description":"\u00dcber 100 Seiten - 110 um genau zu sein - vollgepackt mit Inspirationen, um nichts zu kaufen und trotzdem gut auszusehen.\u00a0","robots":{"index":"index","follow":"follow","max-snippet":"max-snippet:-1","max-image-preview":"max-image-preview:large","max-video-preview":"max-video-preview:-1"},"canonical":"https:\/\/www.thegreenlist.nl\/de\/produkt\/no-buy-fashion-guide\/","og_locale":"de_DE","og_type":"article","og_title":"No buy fashiongids - www.thegreenlist.nl","og_description":"Meer dan 100 pagina\u2019s \u2013 110 om precies te zijn \u2013 bomvol inspiratie om niks te kopen en er toch geweldig uit te zien.\u00a0","og_url":"https:\/\/www.thegreenlist.nl\/de\/produkt\/no-buy-fashion-guide\/","og_site_name":"www.thegreenlist.nl","article_modified_time":"2025-09-17T05:59:00+00:00","og_image":[{"width":800,"height":1132,"url":"https:\/\/afbeeldingen.thegreenlist.nl\/uploads\/2024\/06\/No-buy-fashiongids.jpg","type":"image\/jpeg"}],"twitter_card":"summary_large_image","twitter_misc":{"Gesch\u00e4tzte Lesezeit":"2\u00a0Minuten"},"schema":{"@context":"https:\/\/schema.org","@graph":[{"@type":"WebPage","@id":"https:\/\/www.thegreenlist.nl\/product\/no-buy-fashiongids\/","url":"https:\/\/www.thegreenlist.nl\/product\/no-buy-fashiongids\/","name":"Modef\u00fchrer ohne Kaufzwang - www.thegreenlist.nl","isPartOf":{"@id":"https:\/\/www.thegreenlist.nl\/en\/#website"},"primaryImageOfPage":{"@id":"https:\/\/www.thegreenlist.nl\/product\/no-buy-fashiongids\/#primaryimage"},"image":{"@id":"https:\/\/www.thegreenlist.nl\/product\/no-buy-fashiongids\/#primaryimage"},"thumbnailUrl":"https:\/\/afbeeldingen.thegreenlist.nl\/uploads\/2024\/06\/No-buy-fashiongids.jpg","datePublished":"2025-06-17T16:10:09+00:00","dateModified":"2025-09-17T05:59:00+00:00","description":"\u00dcber 100 Seiten - 110 um genau zu sein - vollgepackt mit Inspirationen, um nichts zu kaufen und trotzdem gut auszusehen.\u00a0","breadcrumb":{"@id":"https:\/\/www.thegreenlist.nl\/product\/no-buy-fashiongids\/#breadcrumb"},"inLanguage":"de","potentialAction":[{"@type":"ReadAction","target":["https:\/\/www.thegreenlist.nl\/product\/no-buy-fashiongids\/"]}]},{"@type":"ImageObject","inLanguage":"de","@id":"https:\/\/www.thegreenlist.nl\/product\/no-buy-fashiongids\/#primaryimage","url":"https:\/\/afbeeldingen.thegreenlist.nl\/uploads\/2024\/06\/No-buy-fashiongids.jpg","contentUrl":"https:\/\/afbeeldingen.thegreenlist.nl\/uploads\/2024\/06\/No-buy-fashiongids.jpg","width":800,"height":1132,"caption":"No buy fashiongids, gids duurzame mode."},{"@type":"BreadcrumbList","@id":"https:\/\/www.thegreenlist.nl\/product\/no-buy-fashiongids\/#breadcrumb","itemListElement":[{"@type":"ListItem","position":1,"name":"Home","item":"https:\/\/www.thegreenlist.nl\/"},{"@type":"ListItem","position":2,"name":"Winkel","item":"https:\/\/www.thegreenlist.nl\/winkel\/"},{"@type":"ListItem","position":3,"name":"No buy fashiongids"}]},{"@type":"WebSite","@id":"https:\/\/www.thegreenlist.nl\/en\/#website","url":"https:\/\/www.thegreenlist.nl\/en\/","name":"www.thegreenlist.nl","description":"Alles f\u00fcr einen gr\u00fcneren Lebensstil","publisher":{"@id":"https:\/\/www.thegreenlist.nl\/en\/#organization"},"potentialAction":[{"@type":"SearchAction","target":{"@type":"EntryPoint","urlTemplate":"https:\/\/www.thegreenlist.nl\/en\/?s={search_term_string}"},"query-input":{"@type":"PropertyValueSpecification","valueRequired":true,"valueName":"search_term_string"}}],"inLanguage":"de"},{"@type":"Organization","@id":"https:\/\/www.thegreenlist.nl\/en\/#organization","name":"www.thegreenlist.nl","url":"https:\/\/www.thegreenlist.nl\/en\/","logo":{"@type":"ImageObject","inLanguage":"de","@id":"https:\/\/www.thegreenlist.nl\/en\/#\/schema\/logo\/image\/","url":"https:\/\/afbeeldingen.thegreenlist.nl\/uploads\/2022\/01\/Middel-1-100.jpg","contentUrl":"https:\/\/afbeeldingen.thegreenlist.nl\/uploads\/2022\/01\/Middel-1-100.jpg","width":342,"height":342,"caption":"www.thegreenlist.nl"},"image":{"@id":"https:\/\/www.thegreenlist.nl\/en\/#\/schema\/logo\/image\/"}}]}},"jetpack_sharing_enabled":true,"_links":{"self":[{"href":"https:\/\/www.thegreenlist.nl\/de\/wp-json\/wp\/v2\/product\/45936","targetHints":{"allow":["GET"]}}],"collection":[{"href":"https:\/\/www.thegreenlist.nl\/de\/wp-json\/wp\/v2\/product"}],"about":[{"href":"https:\/\/www.thegreenlist.nl\/de\/wp-json\/wp\/v2\/types\/product"}],"wp:featuredmedia":[{"embeddable":true,"href":"https:\/\/www.thegreenlist.nl\/de\/wp-json\/wp\/v2\/media\/45939"}],"wp:attachment":[{"href":"https:\/\/www.thegreenlist.nl\/de\/wp-json\/wp\/v2\/media?parent=45936"}],"wp:term":[{"taxonomy":"product_brand","embeddable":true,"href":"https:\/\/www.thegreenlist.nl\/de\/wp-json\/wp\/v2\/product_brand?post=45936"},{"taxonomy":"product_cat","embeddable":true,"href":"https:\/\/www.thegreenlist.nl\/de\/wp-json\/wp\/v2\/product_cat?post=45936"},{"taxonomy":"product_tag","embeddable":true,"href":"https:\/\/www.thegreenlist.nl\/de\/wp-json\/wp\/v2\/product_tag?post=45936"}],"curies":[{"name":"wp","href":"https:\/\/api.w.org\/{rel}","templated":true}]}}