{"id":47519,"date":"2024-08-26T08:57:14","date_gmt":"2024-08-26T06:57:14","guid":{"rendered":"https:\/\/www.thegreenlist.nl\/?post_type=product&#038;p=47519"},"modified":"2025-12-19T06:04:44","modified_gmt":"2025-12-19T05:04:44","slug":"leitfaden-zur-rechnungslegung-fur-start-ups","status":"publish","type":"product","link":"https:\/\/www.thegreenlist.nl\/de\/product\/boekhoudgids-voor-startende-ondernemers\/","title":{"rendered":"Buchhaltungsleitfaden f\u00fcr Start-ups (Ausgabe 2026)"},"content":{"rendered":"<p><img fetchpriority=\"high\" decoding=\"async\" class=\"alignnone size-medium wp-image-47569\" src=\"https:\/\/afbeeldingen.thegreenlist.nl\/uploads\/2024\/07\/49-212x300.jpg\" alt=\"Buchf\u00fchrungsleitfaden f\u00fcr Existenzgr\u00fcnder und Selbstst\u00e4ndige\" width=\"212\" height=\"300\" srcset=\"https:\/\/afbeeldingen.thegreenlist.nl\/uploads\/2024\/07\/49-212x300.jpg 212w, https:\/\/afbeeldingen.thegreenlist.nl\/uploads\/2024\/07\/49.jpg 480w\" sizes=\"(max-width: 212px) 100vw, 212px\" \/> <img decoding=\"async\" class=\"alignnone size-medium wp-image-47565\" src=\"https:\/\/afbeeldingen.thegreenlist.nl\/uploads\/2024\/07\/18-212x300.jpg\" alt=\"\" width=\"212\" height=\"300\" srcset=\"https:\/\/afbeeldingen.thegreenlist.nl\/uploads\/2024\/07\/18-212x300.jpg 212w, https:\/\/afbeeldingen.thegreenlist.nl\/uploads\/2024\/07\/18.jpg 480w\" sizes=\"(max-width: 212px) 100vw, 212px\" \/> <img decoding=\"async\" class=\"alignnone size-medium wp-image-47566\" src=\"https:\/\/afbeeldingen.thegreenlist.nl\/uploads\/2024\/07\/23-212x300.jpg\" alt=\"\" width=\"212\" height=\"300\" srcset=\"https:\/\/afbeeldingen.thegreenlist.nl\/uploads\/2024\/07\/23-212x300.jpg 212w, https:\/\/afbeeldingen.thegreenlist.nl\/uploads\/2024\/07\/23.jpg 480w\" sizes=\"(max-width: 212px) 100vw, 212px\" \/> <img loading=\"lazy\" decoding=\"async\" class=\"alignnone size-medium wp-image-47567\" src=\"https:\/\/afbeeldingen.thegreenlist.nl\/uploads\/2024\/07\/27-212x300.jpg\" alt=\"\" width=\"212\" height=\"300\" srcset=\"https:\/\/afbeeldingen.thegreenlist.nl\/uploads\/2024\/07\/27-212x300.jpg 212w, https:\/\/afbeeldingen.thegreenlist.nl\/uploads\/2024\/07\/27.jpg 480w\" sizes=\"(max-width: 212px) 100vw, 212px\" \/> <img loading=\"lazy\" decoding=\"async\" class=\"alignnone size-medium wp-image-47568\" src=\"https:\/\/afbeeldingen.thegreenlist.nl\/uploads\/2024\/07\/47-212x300.jpg\" alt=\"\" width=\"212\" height=\"300\" srcset=\"https:\/\/afbeeldingen.thegreenlist.nl\/uploads\/2024\/07\/47-212x300.jpg 212w, https:\/\/afbeeldingen.thegreenlist.nl\/uploads\/2024\/07\/47.jpg 480w\" sizes=\"(max-width: 212px) 100vw, 212px\" \/> <img loading=\"lazy\" decoding=\"async\" class=\"alignnone size-medium wp-image-47569\" src=\"https:\/\/afbeeldingen.thegreenlist.nl\/uploads\/2024\/07\/49-212x300.jpg\" alt=\"\" width=\"212\" height=\"300\" srcset=\"https:\/\/afbeeldingen.thegreenlist.nl\/uploads\/2024\/07\/49-212x300.jpg 212w, https:\/\/afbeeldingen.thegreenlist.nl\/uploads\/2024\/07\/49.jpg 480w\" sizes=\"(max-width: 212px) 100vw, 212px\" \/><\/p>","protected":false},"excerpt":{"rendered":"<p><span class=\"OYPEnA text-decoration-none text-strikethrough-none\"> Vielleicht sind Sie schon eine Weile im Gesch\u00e4ft, vielleicht steckt Ihre Initiative aber auch noch in den Kinderschuhen und Sie haben sich noch gar nicht bei der Handelskammer angemeldet. Wie auch immer, mit diesem Leitfaden m\u00f6chten wir Ihnen den Einstieg in die Verwaltung erleichtern, damit Sie das tun k\u00f6nnen, was Sie am besten k\u00f6nnen: Ihre Idee zum Erfolg f\u00fchren! Denn seien wir ehrlich, es ist eine sch\u00f6ne Idee, wenn die administrativen Grundlagen in Ordnung sind. Kurz gesagt, mit Hilfe dieses Leitfadens werden Sie alles haben, was Sie brauchen, um die Buchhaltung Ihres Unternehmens richtig einzurichten, gute Gewohnheiten zu erlernen und, als Bonus, werden wir Ihnen auch mitteilen, wie Sie Ihre Gesch\u00e4fte ein wenig bewusster f\u00fchren k\u00f6nnen. <\/span><em><span class=\"OYPEnA text-decoration-none text-strikethrough-none\">Wir haben Sie!<\/span><\/em><\/p>\n<h3 class=\"cvGsUA direction-ltr align-justify para-style-title\"><span class=\"OYPEnA text-decoration-none text-strikethrough-none\">Angenehm! <\/span><\/h3>\n<p class=\"cvGsUA direction-ltr align-justify para-style-title\"><span class=\"OYPEnA text-decoration-none text-strikethrough-none\">Diesen Leitfaden haben wir gemeinsam mit Marcel Huting verfasst. Marcel ist Steuerberater und Unternehmer. Er hat sein eigenes B\u00fcro in Veenendaal: Huting Belastingadvies &amp; Administratie. Er k\u00fcmmert sich um die Verwaltung und die Steuererkl\u00e4rungen einer Vielzahl von Unternehmen und Privatpersonen in den Niederlanden, denn vieles l\u00e4uft digital. Er hilft den Leuten bei den ersten Schritten, und wenn Ihnen das gar nicht gef\u00e4llt, \u00fcbernimmt er das Ganze f\u00fcr Sie. Nat\u00fcrlich macht er das nicht alles selbst. Zum Gl\u00fcck hat er ein freundliches Team, auf das er sich verlassen kann.<\/span><\/p>\n<p class=\"cvGsUA direction-ltr align-justify para-style-title\"><span class=\"OYPEnA text-decoration-none text-strikethrough-none\">Marcel: \u2018Die Verwaltung ist die Basis Ihres Unternehmens und die Grundlage Ihrer Steuererkl\u00e4rung. Ohne diesen \u00dcberblick k\u00f6nnen Sie keine guten (Management-)Entscheidungen treffen, Ihnen k\u00f6nnen Steuervorteile entgehen - was schade ist - und Sie k\u00f6nnen bei Fehlern unangenehme \u00dcberraschungen erleben, wie einen unerwartet hohen Steuerbescheid oder ein Bu\u00dfgeld vom Finanzamt. Kurzum: Nehmen Sie Ihre Buchhaltung ernst und holen Sie sich Hilfe, wenn Sie in Schwierigkeiten geraten.\u2019<\/span><\/p>\n<p>Ein einmal gekaufter E-Guide kann nicht storniert oder zur\u00fcckgegeben werden. <a href=\"https:\/\/www.thegreenlist.nl\/voorwaarden\/\">Lesen Sie mehr dar\u00fcber in unseren Versand- und R\u00fcckgaberichtlinien.<\/a><\/p>\n<p>Bitte beachten Sie, dass der Download-Link bis zu sieben Tage nach dem Kauf verf\u00fcgbar ist! Speichern Sie den Leitfaden nach dem Kauf an einem sicheren Ort.<\/p>","protected":false},"featured_media":47563,"template":"","meta":{"wprm-recipe-roundup-name":"","wprm-recipe-roundup-description":""},"product_brand":[],"product_cat":[1505],"product_tag":[2041],"class_list":{"0":"post-47519","1":"product","2":"type-product","3":"status-publish","4":"has-post-thumbnail","6":"product_cat-virtueel-product","7":"product_tag-e-gids","9":"first","10":"instock","11":"downloadable","12":"virtual","13":"taxable","14":"purchasable","15":"product-type-simple"},"yoast_head":"<!-- This site is optimized with the Yoast SEO plugin v27.3 - https:\/\/yoast.com\/product\/yoast-seo-wordpress\/ -->\n<title>Boekhoudgids voor startende ondernemers (2026 editie) - www.thegreenlist.nl<\/title>\n<meta name=\"description\" content=\"We got you! Dit is d\u00e9 boekhoudgids voor startende ondernemers die hun boekhouding goed en een tikkie bewuster en duurzamer willen doen.\" \/>\n<meta name=\"robots\" content=\"index, follow, max-snippet:-1, max-image-preview:large, max-video-preview:-1\" \/>\n<link rel=\"canonical\" href=\"https:\/\/www.thegreenlist.nl\/de\/produkt\/leitfaden-zur-rechnungslegung-fur-start-ups\/\" \/>\n<meta property=\"og:locale\" content=\"de_DE\" \/>\n<meta property=\"og:type\" content=\"article\" \/>\n<meta property=\"og:title\" content=\"Boekhoudgids voor startende ondernemers (2026 editie) - www.thegreenlist.nl\" \/>\n<meta property=\"og:description\" content=\"We got you! Dit is d\u00e9 boekhoudgids voor startende ondernemers die hun boekhouding goed en een tikkie bewuster en duurzamer willen doen.\" \/>\n<meta property=\"og:url\" content=\"https:\/\/www.thegreenlist.nl\/de\/produkt\/leitfaden-zur-rechnungslegung-fur-start-ups\/\" \/>\n<meta property=\"og:site_name\" content=\"www.thegreenlist.nl\" \/>\n<meta property=\"article:modified_time\" content=\"2025-12-19T05:04:44+00:00\" \/>\n<meta property=\"og:image\" content=\"https:\/\/afbeeldingen.thegreenlist.nl\/uploads\/2024\/07\/Boekhoudgids-startende-ondernemers-cover.jpg\" \/>\n\t<meta property=\"og:image:width\" content=\"800\" \/>\n\t<meta property=\"og:image:height\" content=\"1132\" \/>\n\t<meta property=\"og:image:type\" content=\"image\/jpeg\" \/>\n<meta name=\"twitter:card\" content=\"summary_large_image\" \/>\n<meta name=\"twitter:label1\" content=\"Gesch\u00e4tzte Lesezeit\" \/>\n\t<meta name=\"twitter:data1\" content=\"2\u00a0Minuten\" \/>\n<script type=\"application\/ld+json\" class=\"yoast-schema-graph\">{\"@context\":\"https:\\\/\\\/schema.org\",\"@graph\":[{\"@type\":\"WebPage\",\"@id\":\"https:\\\/\\\/www.thegreenlist.nl\\\/product\\\/boekhoudgids-voor-startende-ondernemers\\\/\",\"url\":\"https:\\\/\\\/www.thegreenlist.nl\\\/product\\\/boekhoudgids-voor-startende-ondernemers\\\/\",\"name\":\"Boekhoudgids voor startende ondernemers (2026 editie) - www.thegreenlist.nl\",\"isPartOf\":{\"@id\":\"https:\\\/\\\/www.thegreenlist.nl\\\/en\\\/#website\"},\"primaryImageOfPage\":{\"@id\":\"https:\\\/\\\/www.thegreenlist.nl\\\/product\\\/boekhoudgids-voor-startende-ondernemers\\\/#primaryimage\"},\"image\":{\"@id\":\"https:\\\/\\\/www.thegreenlist.nl\\\/product\\\/boekhoudgids-voor-startende-ondernemers\\\/#primaryimage\"},\"thumbnailUrl\":\"https:\\\/\\\/afbeeldingen.thegreenlist.nl\\\/uploads\\\/2024\\\/07\\\/Boekhoudgids-startende-ondernemers-cover.jpg\",\"datePublished\":\"2024-08-26T06:57:14+00:00\",\"dateModified\":\"2025-12-19T05:04:44+00:00\",\"description\":\"We got you! Dit is d\u00e9 boekhoudgids voor startende ondernemers die hun boekhouding goed en een tikkie bewuster en duurzamer willen doen.\",\"breadcrumb\":{\"@id\":\"https:\\\/\\\/www.thegreenlist.nl\\\/product\\\/boekhoudgids-voor-startende-ondernemers\\\/#breadcrumb\"},\"inLanguage\":\"de\",\"potentialAction\":[{\"@type\":\"ReadAction\",\"target\":[\"https:\\\/\\\/www.thegreenlist.nl\\\/product\\\/boekhoudgids-voor-startende-ondernemers\\\/\"]}]},{\"@type\":\"ImageObject\",\"inLanguage\":\"de\",\"@id\":\"https:\\\/\\\/www.thegreenlist.nl\\\/product\\\/boekhoudgids-voor-startende-ondernemers\\\/#primaryimage\",\"url\":\"https:\\\/\\\/afbeeldingen.thegreenlist.nl\\\/uploads\\\/2024\\\/07\\\/Boekhoudgids-startende-ondernemers-cover.jpg\",\"contentUrl\":\"https:\\\/\\\/afbeeldingen.thegreenlist.nl\\\/uploads\\\/2024\\\/07\\\/Boekhoudgids-startende-ondernemers-cover.jpg\",\"width\":800,\"height\":1132,\"caption\":\"Boekhoudgids voor startende ondernemers en zzp'ers.\"},{\"@type\":\"BreadcrumbList\",\"@id\":\"https:\\\/\\\/www.thegreenlist.nl\\\/product\\\/boekhoudgids-voor-startende-ondernemers\\\/#breadcrumb\",\"itemListElement\":[{\"@type\":\"ListItem\",\"position\":1,\"name\":\"Home\",\"item\":\"https:\\\/\\\/www.thegreenlist.nl\\\/\"},{\"@type\":\"ListItem\",\"position\":2,\"name\":\"Winkel\",\"item\":\"https:\\\/\\\/www.thegreenlist.nl\\\/winkel\\\/\"},{\"@type\":\"ListItem\",\"position\":3,\"name\":\"Boekhoudgids voor startende ondernemers (2026 editie)\"}]},{\"@type\":\"WebSite\",\"@id\":\"https:\\\/\\\/www.thegreenlist.nl\\\/en\\\/#website\",\"url\":\"https:\\\/\\\/www.thegreenlist.nl\\\/en\\\/\",\"name\":\"www.thegreenlist.nl\",\"description\":\"Alles voor een groenere lifestyle\",\"publisher\":{\"@id\":\"https:\\\/\\\/www.thegreenlist.nl\\\/en\\\/#organization\"},\"potentialAction\":[{\"@type\":\"SearchAction\",\"target\":{\"@type\":\"EntryPoint\",\"urlTemplate\":\"https:\\\/\\\/www.thegreenlist.nl\\\/en\\\/?s={search_term_string}\"},\"query-input\":{\"@type\":\"PropertyValueSpecification\",\"valueRequired\":true,\"valueName\":\"search_term_string\"}}],\"inLanguage\":\"de\"},{\"@type\":\"Organization\",\"@id\":\"https:\\\/\\\/www.thegreenlist.nl\\\/en\\\/#organization\",\"name\":\"www.thegreenlist.nl\",\"url\":\"https:\\\/\\\/www.thegreenlist.nl\\\/en\\\/\",\"logo\":{\"@type\":\"ImageObject\",\"inLanguage\":\"de\",\"@id\":\"https:\\\/\\\/www.thegreenlist.nl\\\/en\\\/#\\\/schema\\\/logo\\\/image\\\/\",\"url\":\"https:\\\/\\\/afbeeldingen.thegreenlist.nl\\\/uploads\\\/2022\\\/01\\\/Middel-1-100.jpg\",\"contentUrl\":\"https:\\\/\\\/afbeeldingen.thegreenlist.nl\\\/uploads\\\/2022\\\/01\\\/Middel-1-100.jpg\",\"width\":342,\"height\":342,\"caption\":\"www.thegreenlist.nl\"},\"image\":{\"@id\":\"https:\\\/\\\/www.thegreenlist.nl\\\/en\\\/#\\\/schema\\\/logo\\\/image\\\/\"}}]}<\/script>\n<!-- \/ Yoast SEO plugin. -->","yoast_head_json":{"title":"Buchf\u00fchrungsleitfaden f\u00fcr Start-ups (Ausgabe 2026) - www.thegreenlist.nl","description":"Wir haben Sie! Dies ist der Buchhaltungsleitfaden f\u00fcr angehende Unternehmer, die ihre Buchhaltung richtig und ein bisschen bewusster und nachhaltiger f\u00fchren wollen.","robots":{"index":"index","follow":"follow","max-snippet":"max-snippet:-1","max-image-preview":"max-image-preview:large","max-video-preview":"max-video-preview:-1"},"canonical":"https:\/\/www.thegreenlist.nl\/de\/produkt\/leitfaden-zur-rechnungslegung-fur-start-ups\/","og_locale":"de_DE","og_type":"article","og_title":"Boekhoudgids voor startende ondernemers (2026 editie) - www.thegreenlist.nl","og_description":"We got you! Dit is d\u00e9 boekhoudgids voor startende ondernemers die hun boekhouding goed en een tikkie bewuster en duurzamer willen doen.","og_url":"https:\/\/www.thegreenlist.nl\/de\/produkt\/leitfaden-zur-rechnungslegung-fur-start-ups\/","og_site_name":"www.thegreenlist.nl","article_modified_time":"2025-12-19T05:04:44+00:00","og_image":[{"width":800,"height":1132,"url":"https:\/\/afbeeldingen.thegreenlist.nl\/uploads\/2024\/07\/Boekhoudgids-startende-ondernemers-cover.jpg","type":"image\/jpeg"}],"twitter_card":"summary_large_image","twitter_misc":{"Gesch\u00e4tzte Lesezeit":"2\u00a0Minuten"},"schema":{"@context":"https:\/\/schema.org","@graph":[{"@type":"WebPage","@id":"https:\/\/www.thegreenlist.nl\/product\/boekhoudgids-voor-startende-ondernemers\/","url":"https:\/\/www.thegreenlist.nl\/product\/boekhoudgids-voor-startende-ondernemers\/","name":"Buchf\u00fchrungsleitfaden f\u00fcr Start-ups (Ausgabe 2026) - www.thegreenlist.nl","isPartOf":{"@id":"https:\/\/www.thegreenlist.nl\/en\/#website"},"primaryImageOfPage":{"@id":"https:\/\/www.thegreenlist.nl\/product\/boekhoudgids-voor-startende-ondernemers\/#primaryimage"},"image":{"@id":"https:\/\/www.thegreenlist.nl\/product\/boekhoudgids-voor-startende-ondernemers\/#primaryimage"},"thumbnailUrl":"https:\/\/afbeeldingen.thegreenlist.nl\/uploads\/2024\/07\/Boekhoudgids-startende-ondernemers-cover.jpg","datePublished":"2024-08-26T06:57:14+00:00","dateModified":"2025-12-19T05:04:44+00:00","description":"Wir haben Sie! Dies ist der Buchhaltungsleitfaden f\u00fcr angehende Unternehmer, die ihre Buchhaltung richtig und ein bisschen bewusster und nachhaltiger f\u00fchren wollen.","breadcrumb":{"@id":"https:\/\/www.thegreenlist.nl\/product\/boekhoudgids-voor-startende-ondernemers\/#breadcrumb"},"inLanguage":"de","potentialAction":[{"@type":"ReadAction","target":["https:\/\/www.thegreenlist.nl\/product\/boekhoudgids-voor-startende-ondernemers\/"]}]},{"@type":"ImageObject","inLanguage":"de","@id":"https:\/\/www.thegreenlist.nl\/product\/boekhoudgids-voor-startende-ondernemers\/#primaryimage","url":"https:\/\/afbeeldingen.thegreenlist.nl\/uploads\/2024\/07\/Boekhoudgids-startende-ondernemers-cover.jpg","contentUrl":"https:\/\/afbeeldingen.thegreenlist.nl\/uploads\/2024\/07\/Boekhoudgids-startende-ondernemers-cover.jpg","width":800,"height":1132,"caption":"Boekhoudgids voor startende ondernemers en zzp'ers."},{"@type":"BreadcrumbList","@id":"https:\/\/www.thegreenlist.nl\/product\/boekhoudgids-voor-startende-ondernemers\/#breadcrumb","itemListElement":[{"@type":"ListItem","position":1,"name":"Home","item":"https:\/\/www.thegreenlist.nl\/"},{"@type":"ListItem","position":2,"name":"Winkel","item":"https:\/\/www.thegreenlist.nl\/winkel\/"},{"@type":"ListItem","position":3,"name":"Boekhoudgids voor startende ondernemers (2026 editie)"}]},{"@type":"WebSite","@id":"https:\/\/www.thegreenlist.nl\/en\/#website","url":"https:\/\/www.thegreenlist.nl\/en\/","name":"www.thegreenlist.nl","description":"Alles f\u00fcr einen gr\u00fcneren Lebensstil","publisher":{"@id":"https:\/\/www.thegreenlist.nl\/en\/#organization"},"potentialAction":[{"@type":"SearchAction","target":{"@type":"EntryPoint","urlTemplate":"https:\/\/www.thegreenlist.nl\/en\/?s={search_term_string}"},"query-input":{"@type":"PropertyValueSpecification","valueRequired":true,"valueName":"search_term_string"}}],"inLanguage":"de"},{"@type":"Organization","@id":"https:\/\/www.thegreenlist.nl\/en\/#organization","name":"www.thegreenlist.nl","url":"https:\/\/www.thegreenlist.nl\/en\/","logo":{"@type":"ImageObject","inLanguage":"de","@id":"https:\/\/www.thegreenlist.nl\/en\/#\/schema\/logo\/image\/","url":"https:\/\/afbeeldingen.thegreenlist.nl\/uploads\/2022\/01\/Middel-1-100.jpg","contentUrl":"https:\/\/afbeeldingen.thegreenlist.nl\/uploads\/2022\/01\/Middel-1-100.jpg","width":342,"height":342,"caption":"www.thegreenlist.nl"},"image":{"@id":"https:\/\/www.thegreenlist.nl\/en\/#\/schema\/logo\/image\/"}}]}},"jetpack_sharing_enabled":true,"_links":{"self":[{"href":"https:\/\/www.thegreenlist.nl\/de\/wp-json\/wp\/v2\/product\/47519","targetHints":{"allow":["GET"]}}],"collection":[{"href":"https:\/\/www.thegreenlist.nl\/de\/wp-json\/wp\/v2\/product"}],"about":[{"href":"https:\/\/www.thegreenlist.nl\/de\/wp-json\/wp\/v2\/types\/product"}],"wp:featuredmedia":[{"embeddable":true,"href":"https:\/\/www.thegreenlist.nl\/de\/wp-json\/wp\/v2\/media\/47563"}],"wp:attachment":[{"href":"https:\/\/www.thegreenlist.nl\/de\/wp-json\/wp\/v2\/media?parent=47519"}],"wp:term":[{"taxonomy":"product_brand","embeddable":true,"href":"https:\/\/www.thegreenlist.nl\/de\/wp-json\/wp\/v2\/product_brand?post=47519"},{"taxonomy":"product_cat","embeddable":true,"href":"https:\/\/www.thegreenlist.nl\/de\/wp-json\/wp\/v2\/product_cat?post=47519"},{"taxonomy":"product_tag","embeddable":true,"href":"https:\/\/www.thegreenlist.nl\/de\/wp-json\/wp\/v2\/product_tag?post=47519"}],"curies":[{"name":"wp","href":"https:\/\/api.w.org\/{rel}","templated":true}]}}